{"id":1222,"date":"2023-09-28T09:07:31","date_gmt":"2023-09-28T09:07:31","guid":{"rendered":"https:\/\/naftictest.es\/artelmu\/sobre-artelmu\/"},"modified":"2023-12-21T11:57:07","modified_gmt":"2023-12-21T11:57:07","slug":"sobre-artelmu","status":"publish","type":"page","link":"https:\/\/artelmu.net\/fr\/sobre-artelmu\/","title":{"rendered":"Sobre Artelmu"},"content":{"rendered":"<div id=\"pl-1222\"  class=\"panel-layout\" ><div id=\"pg-1222-0\"  class=\"panel-grid panel-no-style\" ><div id=\"pgc-1222-0-0\"  class=\"panel-grid-cell\" ><div id=\"panel-1222-0-0-0\" class=\"so-panel widget widget_sow-image panel-first-child panel-last-child\" data-index=\"0\" ><div\n\t\t\t\n\t\t\tclass=\"so-widget-sow-image so-widget-sow-image-default-8b5b6f678277-1222\"\n\t\t\t\n\t\t>\n\n<div class=\"sow-image-container\">\n\t\t<img decoding=\"async\" src=\"https:\/\/artelmu.net\/wp-content\/uploads\/2023\/10\/quienes-somos.jpg\" width=\"1200\" height=\"836\" srcset=\"https:\/\/artelmu.net\/wp-content\/uploads\/2023\/10\/quienes-somos.jpg 1200w, https:\/\/artelmu.net\/wp-content\/uploads\/2023\/10\/quienes-somos-300x209.jpg 300w, https:\/\/artelmu.net\/wp-content\/uploads\/2023\/10\/quienes-somos-1024x713.jpg 1024w, https:\/\/artelmu.net\/wp-content\/uploads\/2023\/10\/quienes-somos-768x535.jpg 768w\" sizes=\"auto, (max-width: 1200px) 100vw, 1200px\" alt=\"\" loading=\"lazy\" \t\tclass=\"so-widget-image\"\/>\n\t<\/div>\n\n<\/div><\/div><\/div><\/div><div id=\"pg-1222-1\"  class=\"panel-grid panel-no-style\" ><div id=\"pgc-1222-1-0\"  class=\"panel-grid-cell\" ><div id=\"panel-1222-1-0-0\" class=\"widget_text so-panel widget widget_custom_html panel-first-child panel-last-child\" data-index=\"1\" ><div class=\"textwidget custom-html-widget\"><p class=\"grande\">Chez Artelmu, nous concevons et fabriquons des meubles depuis plus de 25 ans, inspir\u00e9s par notre fa\u00e7on de vivre d'aujourd'hui. <span style=\"color:#999;\">Des meubles design et solides pour notre quotidien en <span style=\"border-bottom:3px solid #1198d7;\">finitions bois et\/ou laque.<\/span><\/span><span class=\"boxYellow\" style=\"margin-left:10px;height:40px;margin-bottom: -15px;\"><\/span><\/p><\/div><\/div><\/div><\/div><div id=\"pg-1222-2\"  class=\"panel-grid panel-no-style\" ><div id=\"pgc-1222-2-0\"  class=\"panel-grid-cell\" ><div id=\"panel-1222-2-0-0\" class=\"widget_text so-panel widget widget_custom_html panel-first-child panel-last-child\" data-index=\"2\" ><div class=\"textwidget custom-html-widget\"><h2 class=\"titlePage inline\" style=\"font-weight:normal;\">MAT\u00c9RIAUX ET COMPOSANTS DE QUALIT\u00c9 SUP\u00c9RIEURE<\/h2><p class=\"grande\" style=\"display:inline-block;color:#777;\">Pour de meilleurs r\u00e9sultats. Nous utilisons.<\/p>\n<p class=\"grande\" style=\"color:#777;\"><strong>du bois naturel<\/strong>\u00a0de premi\u00e8re qualit\u00e9,\u00a0<strong>des planches<\/strong>\u00a0pour structures \u00e0 haute densit\u00e9, <strong>des vernis et des laques<\/strong>\u00a0\u00e0 grand pouvoir couvrant qui garantissent la durabilit\u00e9 de nos meubles et\u00a0<strong>quincailleries<\/strong>\u00a0avec une haute pr\u00e9cision, dur\u00e9e et fiabilit\u00e9.<\/p><\/div><\/div><\/div><\/div><div id=\"pg-1222-3\"  class=\"panel-grid panel-no-style\" ><div id=\"pgc-1222-3-0\"  class=\"panel-grid-cell\" ><div id=\"panel-1222-3-0-0\" class=\"widget_text so-panel widget widget_custom_html panel-first-child panel-last-child\" data-index=\"3\" ><div class=\"widget_text rowMarcas flash_inherit_color panel-widget-style panel-widget-style-for-1222-3-0-0\" ><div class=\"textwidget custom-html-widget\"><span style=\"font-size:24px;display:block;\">STRUCTURE<\/span>\n<img decoding=\"async\" src=\"https:\/\/artelmu.net\/wp-content\/uploads\/2023\/10\/Finsa.jpg\">\n<img decoding=\"async\" src=\"https:\/\/artelmu.net\/wp-content\/uploads\/2023\/10\/krono.jpg\">\n<span style=\"font-size:24px;margin-top:20px;display:block;\">MAT\u00c9RIEL<\/span>\n<img decoding=\"async\" src=\"https:\/\/artelmu.net\/wp-content\/uploads\/2023\/10\/emuca.jpg\">\n<img decoding=\"async\" src=\"https:\/\/artelmu.net\/wp-content\/uploads\/2023\/10\/indaux.jpg\">\n<span style=\"font-size:24px;display:block;margin:30px 0 20px;\">VERNI<\/span>\n<img decoding=\"async\" src=\"https:\/\/artelmu.net\/wp-content\/uploads\/2023\/10\/ilva.jpg\">\n<img decoding=\"async\" src=\"https:\/\/artelmu.net\/wp-content\/uploads\/2023\/10\/milesi.jpg\"><\/div><\/div><\/div><\/div><\/div><div id=\"pg-1222-4\"  class=\"panel-grid panel-no-style\" ><div id=\"pgc-1222-4-0\"  class=\"panel-grid-cell\" ><div id=\"panel-1222-4-0-0\" class=\"widget_text so-panel widget widget_custom_html panel-first-child panel-last-child\" data-index=\"4\" ><div class=\"textwidget custom-html-widget\"><h2 class=\"titlePage cuadro\">RESPONSABILIT\u00c9 SOCIALE<\/h2><\/div><\/div><\/div><\/div><div id=\"pg-1222-5\"  class=\"panel-grid panel-no-style\" ><div id=\"pgc-1222-5-0\"  class=\"panel-grid-cell\" ><div id=\"panel-1222-5-0-0\" class=\"so-panel widget widget_sow-image panel-first-child panel-last-child\" data-index=\"5\" ><div\n\t\t\t\n\t\t\tclass=\"so-widget-sow-image so-widget-sow-image-default-dbf295114b96-1222\"\n\t\t\t\n\t\t>\n\n<div class=\"sow-image-container\">\n\t\t<img decoding=\"async\" src=\"https:\/\/artelmu.net\/wp-content\/uploads\/2023\/10\/responsabilidad.jpg\" width=\"471\" height=\"304\" srcset=\"https:\/\/artelmu.net\/wp-content\/uploads\/2023\/10\/responsabilidad.jpg 471w, https:\/\/artelmu.net\/wp-content\/uploads\/2023\/10\/responsabilidad-300x194.jpg 300w\" sizes=\"auto, (max-width: 471px) 100vw, 471px\" alt=\"\" loading=\"lazy\" \t\tclass=\"so-widget-image\"\/>\n\t<\/div>\n\n<\/div><\/div><\/div><div id=\"pgc-1222-5-1\"  class=\"panel-grid-cell\" ><div id=\"panel-1222-5-1-0\" class=\"widget_text so-panel widget widget_custom_html panel-first-child panel-last-child\" data-index=\"6\" ><div class=\"textwidget custom-html-widget\"><p class=\"grande\"><span>Notre entreprise dispose de centrales photovolta\u00efques,<\/span> <span style=\"color:#999;\"> \u00e9vitant ainsi l'\u00e9mission de plus de cent tonnes de CO2 dans l'atmosph\u00e8re par an.<\/span><\/p><\/div><\/div><\/div><\/div><div id=\"pg-1222-6\"  class=\"panel-grid panel-no-style\" ><div id=\"pgc-1222-6-0\"  class=\"panel-grid-cell\" ><div id=\"panel-1222-6-0-0\" class=\"widget_text so-panel widget widget_custom_html panel-first-child panel-last-child\" data-index=\"7\" ><div class=\"textwidget custom-html-widget\"><h2 class=\"titlePage cuadro\" style=\"margin-bottom:20px;\">LES MAGASINS O\u00d9 PUIS-JE ACHETER CES PRODUITS?<\/h2>\n<p class=\"grande\" style=\"color:#999;\">Si vous \u00eates int\u00e9ress\u00e9 par l'un de nos meubles, il vous suffit de nous contacter via le formulaire en indiquant votre localisation afin que nous puissions vous indiquer dans les plus brefs d\u00e9lais votre magasin le plus proche.<\/p>\n<p class=\"grande\" style=\"color:#999;\">Nous vous informons ici:\u00a0<a href=\"https:\/\/artelmu.net\/fr\/donde-comprar\/\" style=\"color:#1198d7;\">O\u00f9 acheter<\/a><\/p>\n<h2 class=\"titlePage cuadro inverso\" style=\"margin:40px 0 20px;position: relative;\">PUIS-JE CHOISIR LES FINITIONS ET LES MESURES?<\/h2>\n<p class=\"grande\" style=\"color:#999;\">Nous disposons d'une large gamme de finitions et de dimensions de meubles pour s'adapter \u00e0 vos go\u00fbts et \u00e0 votre espace. Des mesures sp\u00e9ciales sont \u00e9galement disponibles.<\/p><\/div><\/div><\/div><\/div><\/div>","protected":false},"excerpt":{"rendered":"<p>Chez Artelmu, nous concevons et fabriquons des meubles depuis plus de 25 ans, inspir\u00e9s par notre fa\u00e7on de vivre d&rsquo;aujourd&rsquo;hui. Des meubles design et solides pour notre quotidien en finitions bois et\/ou laque.MAT\u00c9RIAUX ET COMPOSANTS DE QUALIT\u00c9 SUP\u00c9RIEUREPour de meilleurs r\u00e9sultats. Nous utilisons. du bois naturel\u00a0de premi\u00e8re qualit\u00e9,\u00a0des planches\u00a0pour structures \u00e0 haute densit\u00e9, des vernis et des laques\u00a0\u00e0 grand pouvoir couvrant qui garantissent la durabilit\u00e9 de nos meubles et\u00a0quincailleries\u00a0avec une&#8230;<\/p>\n","protected":false},"author":1,"featured_media":0,"parent":0,"menu_order":0,"comment_status":"closed","ping_status":"closed","template":"page-templates\/full-width.php","meta":{"footnotes":""},"class_list":["post-1222","page","type-page","status-publish","hentry"],"yoast_head":"<!-- This site is optimized with the Yoast SEO plugin v21.8.1 - https:\/\/yoast.com\/wordpress\/plugins\/seo\/ -->\n<title>Sobre Artelmu - Artelmu SL<\/title>\n<meta name=\"robots\" content=\"index, follow, max-snippet:-1, max-image-preview:large, max-video-preview:-1\" \/>\n<link rel=\"canonical\" href=\"https:\/\/artelmu.net\/sobre-artelmu\/\" \/>\n<meta property=\"og:locale\" content=\"fr_FR\" \/>\n<meta property=\"og:type\" content=\"article\" \/>\n<meta property=\"og:title\" content=\"Sobre Artelmu - Artelmu SL\" \/>\n<meta property=\"og:description\" content=\"Chez Artelmu, nous concevons et fabriquons des meubles depuis plus de 25 ans, inspir\u00e9s par notre fa\u00e7on de vivre d&#039;aujourd&#039;hui. Des meubles design et solides pour notre quotidien en finitions bois et\/ou laque.MAT\u00c9RIAUX ET COMPOSANTS DE QUALIT\u00c9 SUP\u00c9RIEUREPour de meilleurs r\u00e9sultats. Nous utilisons. du bois naturel\u00a0de premi\u00e8re qualit\u00e9,\u00a0des planches\u00a0pour structures \u00e0 haute densit\u00e9, des vernis et des laques\u00a0\u00e0 grand pouvoir couvrant qui garantissent la durabilit\u00e9 de nos meubles et\u00a0quincailleries\u00a0avec une...\" \/>\n<meta property=\"og:url\" content=\"https:\/\/artelmu.net\/sobre-artelmu\/\" \/>\n<meta property=\"og:site_name\" content=\"Artelmu SL\" \/>\n<meta property=\"article:modified_time\" content=\"2023-12-21T11:57:07+00:00\" \/>\n<meta name=\"twitter:card\" content=\"summary_large_image\" \/>\n<script type=\"application\/ld+json\" class=\"yoast-schema-graph\">{\"@context\":\"https:\/\/schema.org\",\"@graph\":[{\"@type\":\"WebPage\",\"@id\":\"https:\/\/artelmu.net\/sobre-artelmu\/\",\"url\":\"https:\/\/artelmu.net\/sobre-artelmu\/\",\"name\":\"Sobre Artelmu - Artelmu SL\",\"isPartOf\":{\"@id\":\"https:\/\/artelmu.net\/#website\"},\"datePublished\":\"2023-09-28T09:07:31+00:00\",\"dateModified\":\"2023-12-21T11:57:07+00:00\",\"breadcrumb\":{\"@id\":\"https:\/\/artelmu.net\/sobre-artelmu\/#breadcrumb\"},\"inLanguage\":\"fr-FR\",\"potentialAction\":[{\"@type\":\"ReadAction\",\"target\":[\"https:\/\/artelmu.net\/sobre-artelmu\/\"]}]},{\"@type\":\"BreadcrumbList\",\"@id\":\"https:\/\/artelmu.net\/sobre-artelmu\/#breadcrumb\",\"itemListElement\":[{\"@type\":\"ListItem\",\"position\":1,\"name\":\"Portada\",\"item\":\"https:\/\/artelmu.net\/fr\/\"},{\"@type\":\"ListItem\",\"position\":2,\"name\":\"Sobre Artelmu\"}]},{\"@type\":\"WebSite\",\"@id\":\"https:\/\/artelmu.net\/#website\",\"url\":\"https:\/\/artelmu.net\/\",\"name\":\"Artelmu SL\",\"description\":\"Especialistas en mobiliario de dise\u00f1o\",\"publisher\":{\"@id\":\"https:\/\/artelmu.net\/#organization\"},\"potentialAction\":[{\"@type\":\"SearchAction\",\"target\":{\"@type\":\"EntryPoint\",\"urlTemplate\":\"https:\/\/artelmu.net\/?s={search_term_string}\"},\"query-input\":\"required name=search_term_string\"}],\"inLanguage\":\"fr-FR\"},{\"@type\":\"Organization\",\"@id\":\"https:\/\/artelmu.net\/#organization\",\"name\":\"Artelmu SL\",\"url\":\"https:\/\/artelmu.net\/\",\"logo\":{\"@type\":\"ImageObject\",\"inLanguage\":\"fr-FR\",\"@id\":\"https:\/\/artelmu.net\/#\/schema\/logo\/image\/\",\"url\":\"https:\/\/artelmu.net\/wp-content\/uploads\/2023\/10\/logo_Artelmu.png\",\"contentUrl\":\"https:\/\/artelmu.net\/wp-content\/uploads\/2023\/10\/logo_Artelmu.png\",\"width\":653,\"height\":592,\"caption\":\"Artelmu SL\"},\"image\":{\"@id\":\"https:\/\/artelmu.net\/#\/schema\/logo\/image\/\"}}]}<\/script>\n<!-- \/ Yoast SEO plugin. -->","yoast_head_json":{"title":"Sobre Artelmu - Artelmu SL","robots":{"index":"index","follow":"follow","max-snippet":"max-snippet:-1","max-image-preview":"max-image-preview:large","max-video-preview":"max-video-preview:-1"},"canonical":"https:\/\/artelmu.net\/sobre-artelmu\/","og_locale":"fr_FR","og_type":"article","og_title":"Sobre Artelmu - Artelmu SL","og_description":"Chez Artelmu, nous concevons et fabriquons des meubles depuis plus de 25 ans, inspir\u00e9s par notre fa\u00e7on de vivre d'aujourd'hui. Des meubles design et solides pour notre quotidien en finitions bois et\/ou laque.MAT\u00c9RIAUX ET COMPOSANTS DE QUALIT\u00c9 SUP\u00c9RIEUREPour de meilleurs r\u00e9sultats. Nous utilisons. du bois naturel\u00a0de premi\u00e8re qualit\u00e9,\u00a0des planches\u00a0pour structures \u00e0 haute densit\u00e9, des vernis et des laques\u00a0\u00e0 grand pouvoir couvrant qui garantissent la durabilit\u00e9 de nos meubles et\u00a0quincailleries\u00a0avec une...","og_url":"https:\/\/artelmu.net\/sobre-artelmu\/","og_site_name":"Artelmu SL","article_modified_time":"2023-12-21T11:57:07+00:00","twitter_card":"summary_large_image","schema":{"@context":"https:\/\/schema.org","@graph":[{"@type":"WebPage","@id":"https:\/\/artelmu.net\/sobre-artelmu\/","url":"https:\/\/artelmu.net\/sobre-artelmu\/","name":"Sobre Artelmu - Artelmu SL","isPartOf":{"@id":"https:\/\/artelmu.net\/#website"},"datePublished":"2023-09-28T09:07:31+00:00","dateModified":"2023-12-21T11:57:07+00:00","breadcrumb":{"@id":"https:\/\/artelmu.net\/sobre-artelmu\/#breadcrumb"},"inLanguage":"fr-FR","potentialAction":[{"@type":"ReadAction","target":["https:\/\/artelmu.net\/sobre-artelmu\/"]}]},{"@type":"BreadcrumbList","@id":"https:\/\/artelmu.net\/sobre-artelmu\/#breadcrumb","itemListElement":[{"@type":"ListItem","position":1,"name":"Portada","item":"https:\/\/artelmu.net\/fr\/"},{"@type":"ListItem","position":2,"name":"Sobre Artelmu"}]},{"@type":"WebSite","@id":"https:\/\/artelmu.net\/#website","url":"https:\/\/artelmu.net\/","name":"Artelmu SL","description":"Especialistas en mobiliario de dise\u00f1o","publisher":{"@id":"https:\/\/artelmu.net\/#organization"},"potentialAction":[{"@type":"SearchAction","target":{"@type":"EntryPoint","urlTemplate":"https:\/\/artelmu.net\/?s={search_term_string}"},"query-input":"required name=search_term_string"}],"inLanguage":"fr-FR"},{"@type":"Organization","@id":"https:\/\/artelmu.net\/#organization","name":"Artelmu SL","url":"https:\/\/artelmu.net\/","logo":{"@type":"ImageObject","inLanguage":"fr-FR","@id":"https:\/\/artelmu.net\/#\/schema\/logo\/image\/","url":"https:\/\/artelmu.net\/wp-content\/uploads\/2023\/10\/logo_Artelmu.png","contentUrl":"https:\/\/artelmu.net\/wp-content\/uploads\/2023\/10\/logo_Artelmu.png","width":653,"height":592,"caption":"Artelmu SL"},"image":{"@id":"https:\/\/artelmu.net\/#\/schema\/logo\/image\/"}}]}},"_links":{"self":[{"href":"https:\/\/artelmu.net\/fr\/wp-json\/wp\/v2\/pages\/1222","targetHints":{"allow":["GET"]}}],"collection":[{"href":"https:\/\/artelmu.net\/fr\/wp-json\/wp\/v2\/pages"}],"about":[{"href":"https:\/\/artelmu.net\/fr\/wp-json\/wp\/v2\/types\/page"}],"author":[{"embeddable":true,"href":"https:\/\/artelmu.net\/fr\/wp-json\/wp\/v2\/users\/1"}],"replies":[{"embeddable":true,"href":"https:\/\/artelmu.net\/fr\/wp-json\/wp\/v2\/comments?post=1222"}],"version-history":[{"count":3,"href":"https:\/\/artelmu.net\/fr\/wp-json\/wp\/v2\/pages\/1222\/revisions"}],"predecessor-version":[{"id":3070,"href":"https:\/\/artelmu.net\/fr\/wp-json\/wp\/v2\/pages\/1222\/revisions\/3070"}],"wp:attachment":[{"href":"https:\/\/artelmu.net\/fr\/wp-json\/wp\/v2\/media?parent=1222"}],"curies":[{"name":"wp","href":"https:\/\/api.w.org\/{rel}","templated":true}]}}