{"id":1228,"date":"2023-09-28T09:06:46","date_gmt":"2023-09-28T09:06:46","guid":{"rendered":"https:\/\/naftictest.es\/artelmu\/catalogos\/"},"modified":"2024-03-11T19:12:04","modified_gmt":"2024-03-11T19:12:04","slug":"catalogos","status":"publish","type":"page","link":"https:\/\/artelmu.net\/fr\/catalogos\/","title":{"rendered":"Cat\u00e1logos"},"content":{"rendered":"<div id=\"pl-1228\"  class=\"panel-layout\" ><div id=\"pg-1228-0\"  class=\"panel-grid panel-no-style\" ><div id=\"pgc-1228-0-0\"  class=\"panel-grid-cell\" ><div id=\"panel-1228-0-0-0\" class=\"widget_text so-panel widget widget_custom_html panel-first-child panel-last-child\" data-index=\"0\" ><div class=\"widget_text panel-widget-style panel-widget-style-for-1228-0-0-0\" ><div class=\"textwidget custom-html-widget\"><h1 class=\"titlePage cuadro inverso\">Nos catalogues<\/h1><\/div><\/div><\/div><\/div><\/div><div id=\"pg-1228-1\"  class=\"panel-grid panel-has-style\" ><div class=\"siteorigin-panels-stretch panel-row-style panel-row-style-for-1228-1\" data-stretch-type=\"full\" ><div id=\"pgc-1228-1-0\"  class=\"panel-grid-cell\" ><div id=\"panel-1228-1-0-0\" class=\"widget_text so-panel widget widget_custom_html panel-first-child panel-last-child\" data-index=\"1\" ><div class=\"textwidget custom-html-widget\"><div class=\"catalogo\">\n\t<a href=\"https:\/\/artelmu.net\/fr\/catalogo-pablete-crece\/\" target=\"_blank\"><img decoding=\"async\" src=\"https:\/\/artelmu.net\/wp-content\/uploads\/2023\/09\/Pablete_Crece.jpg\"><\/a>\n\t<a href=\"https:\/\/artelmu.net\/fr\/catalogo-pablete-crece\/\" target=\"_blank\"><h3>Pablete crece<\/h3><\/a>\n\t<a href=\"https:\/\/artelmu.net\/fr\/catalogo-pablete-crece\/\" target=\"_blank\" class=\"btn\">T\u00e9l\u00e9charger le catalogue<\/a>\n<\/div><\/div><\/div><\/div><div id=\"pgc-1228-1-1\"  class=\"panel-grid-cell\" ><div id=\"panel-1228-1-1-0\" class=\"widget_text so-panel widget widget_custom_html panel-first-child panel-last-child\" data-index=\"2\" ><div class=\"textwidget custom-html-widget\"><div class=\"catalogo\">\n\t<a href=\"https:\/\/artelmu.net\/fr\/catalogo-mi-solete\/\" target=\"_blank\"><img decoding=\"async\" src=\"https:\/\/artelmu.net\/wp-content\/uploads\/2023\/09\/Mi_Solete.jpg\"><\/a>\n\t<a href=\"https:\/\/artelmu.net\/fr\/catalogo-mi-solete\/\" target=\"_blank\"><h3>Mi solete<\/h3><\/a>\n\t<a href=\"https:\/\/artelmu.net\/fr\/catalogo-mi-solete\/\" target=\"_blank\" class=\"btn\">T\u00e9l\u00e9charger le catalogue<\/a>\n<\/div><\/div><\/div><\/div><div id=\"pgc-1228-1-2\"  class=\"panel-grid-cell\" ><div id=\"panel-1228-1-2-0\" class=\"widget_text so-panel widget widget_custom_html panel-first-child panel-last-child\" data-index=\"3\" ><div class=\"textwidget custom-html-widget\"><div class=\"catalogo\">\n\t<a href=\"https:\/\/artelmu.net\/fr\/catalogo-aqua\/\" target=\"_blank\"><img decoding=\"async\" src=\"https:\/\/artelmu.net\/wp-content\/uploads\/2023\/09\/Aqua.jpg\"><\/a>\n\t<a href=\"https:\/\/artelmu.net\/fr\/catalogo-aqua\/\" target=\"_blank\"><h3>Aqua<\/h3><\/a>\n\t<a href=\"https:\/\/artelmu.net\/fr\/catalogo-aqua\/\" target=\"_blank\" class=\"btn\">T\u00e9l\u00e9charger le catalogue<\/a>\n<\/div><\/div><\/div><\/div><\/div><\/div><div id=\"pg-1228-2\"  class=\"panel-grid panel-has-style\" ><div class=\"siteorigin-panels-stretch panel-row-style panel-row-style-for-1228-2\" data-stretch-type=\"full\" ><div id=\"pgc-1228-2-0\"  class=\"panel-grid-cell\" ><div id=\"panel-1228-2-0-0\" class=\"widget_text so-panel widget widget_custom_html panel-first-child panel-last-child\" data-index=\"4\" ><div class=\"textwidget custom-html-widget\"><div class=\"catalogo\">\n\t<a href=\"https:\/\/artelmu.net\/fr\/catalogo-d-maria\/\" target=\"_blank\"><img decoding=\"async\" src=\"https:\/\/artelmu.net\/wp-content\/uploads\/2023\/09\/D_Maria.jpg\"><\/a>\n\t<a href=\"https:\/\/artelmu.net\/fr\/catalogo-d-maria\/\" target=\"_blank\"><h3>D' Mar\u00eda<\/h3><\/a>\n\t<a href=\"https:\/\/artelmu.net\/fr\/catalogo-d-maria\/\" target=\"_blank\" class=\"btn\">T\u00e9l\u00e9charger le catalogue<\/a>\n<\/div><\/div><\/div><\/div><div id=\"pgc-1228-2-1\"  class=\"panel-grid-cell\" ><div id=\"panel-1228-2-1-0\" class=\"widget_text so-panel widget widget_custom_html panel-first-child panel-last-child\" data-index=\"5\" ><div class=\"textwidget custom-html-widget\"><div class=\"catalogo\">\n\t<a href=\"https:\/\/artelmu.net\/fr\/catalogo-muebles-tv\/\" target=\"_blank\"><img decoding=\"async\" src=\"https:\/\/artelmu.net\/wp-content\/uploads\/2023\/12\/Catalogo_MueblesTV.jpg\"><\/a>\n\t<a href=\"https:\/\/artelmu.net\/fr\/catalogo-muebles-tv\/\" target=\"_blank\"><h3>D' Mar\u00eda<\/h3><\/a>\n\t<a href=\"https:\/\/artelmu.net\/fr\/catalogo-muebles-tv\/\" target=\"_blank\" class=\"btn\">T\u00e9l\u00e9charger le catalogue<\/a>\n<\/div><\/div><\/div><\/div><div id=\"pgc-1228-2-2\"  class=\"panel-grid-cell\" ><div id=\"panel-1228-2-2-0\" class=\"widget_text so-panel widget widget_custom_html panel-first-child panel-last-child\" data-index=\"6\" ><div class=\"textwidget custom-html-widget\"><div class=\"catalogo\">\n\t<a href=\"https:\/\/artelmu.net\/fr\/catalogo-happy-plus\/\"><img decoding=\"async\" src=\"https:\/\/artelmu.net\/wp-content\/uploads\/2023\/09\/Happy_Plus.jpg\"><\/a>\n\t<a href=\"https:\/\/artelmu.net\/fr\/catalogo-happy-plus\/\"><h3>Happy Plus<\/h3><\/a>\n\t<a href=\"https:\/\/artelmu.net\/fr\/catalogo-happy-plus\/\" class=\"btn\">T\u00e9l\u00e9charger le catalogue<\/a>\n<\/div><\/div><\/div><\/div><\/div><\/div><\/div>","protected":false},"excerpt":{"rendered":"<p>Nos catalogues Pablete crece T\u00e9l\u00e9charger le catalogue Mi solete T\u00e9l\u00e9charger le catalogue Aqua T\u00e9l\u00e9charger le catalogue D&rsquo; Mar\u00eda T\u00e9l\u00e9charger le catalogue D&rsquo; Mar\u00eda T\u00e9l\u00e9charger le catalogue Happy Plus T\u00e9l\u00e9charger le catalogue<\/p>\n","protected":false},"author":1,"featured_media":0,"parent":0,"menu_order":0,"comment_status":"closed","ping_status":"closed","template":"page-templates\/full-width.php","meta":{"footnotes":""},"class_list":["post-1228","page","type-page","status-publish","hentry"],"yoast_head":"<!-- This site is optimized with the Yoast SEO plugin v21.8.1 - https:\/\/yoast.com\/wordpress\/plugins\/seo\/ -->\n<title>Cat\u00e1logos - Artelmu SL<\/title>\n<meta name=\"robots\" content=\"index, follow, max-snippet:-1, max-image-preview:large, max-video-preview:-1\" \/>\n<link rel=\"canonical\" href=\"https:\/\/artelmu.net\/catalogos\/\" \/>\n<meta property=\"og:locale\" content=\"fr_FR\" \/>\n<meta property=\"og:type\" content=\"article\" \/>\n<meta property=\"og:title\" content=\"Cat\u00e1logos - Artelmu SL\" \/>\n<meta property=\"og:description\" content=\"Nos catalogues Pablete crece T\u00e9l\u00e9charger le catalogue Mi solete T\u00e9l\u00e9charger le catalogue Aqua T\u00e9l\u00e9charger le catalogue D&#039; Mar\u00eda T\u00e9l\u00e9charger le catalogue D&#039; Mar\u00eda T\u00e9l\u00e9charger le catalogue Happy Plus T\u00e9l\u00e9charger le catalogue\" \/>\n<meta property=\"og:url\" content=\"https:\/\/artelmu.net\/catalogos\/\" \/>\n<meta property=\"og:site_name\" content=\"Artelmu SL\" \/>\n<meta property=\"article:modified_time\" content=\"2024-03-11T19:12:04+00:00\" \/>\n<meta name=\"twitter:card\" content=\"summary_large_image\" \/>\n<meta name=\"twitter:label1\" content=\"Dur\u00e9e de lecture estim\u00e9e\" \/>\n\t<meta name=\"twitter:data1\" content=\"2 minutes\" \/>\n<script type=\"application\/ld+json\" class=\"yoast-schema-graph\">{\"@context\":\"https:\/\/schema.org\",\"@graph\":[{\"@type\":\"WebPage\",\"@id\":\"https:\/\/artelmu.net\/catalogos\/\",\"url\":\"https:\/\/artelmu.net\/catalogos\/\",\"name\":\"Cat\u00e1logos - Artelmu SL\",\"isPartOf\":{\"@id\":\"https:\/\/artelmu.net\/#website\"},\"datePublished\":\"2023-09-28T09:06:46+00:00\",\"dateModified\":\"2024-03-11T19:12:04+00:00\",\"breadcrumb\":{\"@id\":\"https:\/\/artelmu.net\/catalogos\/#breadcrumb\"},\"inLanguage\":\"fr-FR\",\"potentialAction\":[{\"@type\":\"ReadAction\",\"target\":[\"https:\/\/artelmu.net\/catalogos\/\"]}]},{\"@type\":\"BreadcrumbList\",\"@id\":\"https:\/\/artelmu.net\/catalogos\/#breadcrumb\",\"itemListElement\":[{\"@type\":\"ListItem\",\"position\":1,\"name\":\"Portada\",\"item\":\"https:\/\/artelmu.net\/fr\/\"},{\"@type\":\"ListItem\",\"position\":2,\"name\":\"Cat\u00e1logos\"}]},{\"@type\":\"WebSite\",\"@id\":\"https:\/\/artelmu.net\/#website\",\"url\":\"https:\/\/artelmu.net\/\",\"name\":\"Artelmu SL\",\"description\":\"Especialistas en mobiliario de dise\u00f1o\",\"publisher\":{\"@id\":\"https:\/\/artelmu.net\/#organization\"},\"potentialAction\":[{\"@type\":\"SearchAction\",\"target\":{\"@type\":\"EntryPoint\",\"urlTemplate\":\"https:\/\/artelmu.net\/?s={search_term_string}\"},\"query-input\":\"required name=search_term_string\"}],\"inLanguage\":\"fr-FR\"},{\"@type\":\"Organization\",\"@id\":\"https:\/\/artelmu.net\/#organization\",\"name\":\"Artelmu SL\",\"url\":\"https:\/\/artelmu.net\/\",\"logo\":{\"@type\":\"ImageObject\",\"inLanguage\":\"fr-FR\",\"@id\":\"https:\/\/artelmu.net\/#\/schema\/logo\/image\/\",\"url\":\"https:\/\/artelmu.net\/wp-content\/uploads\/2023\/10\/logo_Artelmu.png\",\"contentUrl\":\"https:\/\/artelmu.net\/wp-content\/uploads\/2023\/10\/logo_Artelmu.png\",\"width\":653,\"height\":592,\"caption\":\"Artelmu SL\"},\"image\":{\"@id\":\"https:\/\/artelmu.net\/#\/schema\/logo\/image\/\"}}]}<\/script>\n<!-- \/ Yoast SEO plugin. -->","yoast_head_json":{"title":"Cat\u00e1logos - Artelmu SL","robots":{"index":"index","follow":"follow","max-snippet":"max-snippet:-1","max-image-preview":"max-image-preview:large","max-video-preview":"max-video-preview:-1"},"canonical":"https:\/\/artelmu.net\/catalogos\/","og_locale":"fr_FR","og_type":"article","og_title":"Cat\u00e1logos - Artelmu SL","og_description":"Nos catalogues Pablete crece T\u00e9l\u00e9charger le catalogue Mi solete T\u00e9l\u00e9charger le catalogue Aqua T\u00e9l\u00e9charger le catalogue D' Mar\u00eda T\u00e9l\u00e9charger le catalogue D' Mar\u00eda T\u00e9l\u00e9charger le catalogue Happy Plus T\u00e9l\u00e9charger le catalogue","og_url":"https:\/\/artelmu.net\/catalogos\/","og_site_name":"Artelmu SL","article_modified_time":"2024-03-11T19:12:04+00:00","twitter_card":"summary_large_image","twitter_misc":{"Dur\u00e9e de lecture estim\u00e9e":"2 minutes"},"schema":{"@context":"https:\/\/schema.org","@graph":[{"@type":"WebPage","@id":"https:\/\/artelmu.net\/catalogos\/","url":"https:\/\/artelmu.net\/catalogos\/","name":"Cat\u00e1logos - Artelmu SL","isPartOf":{"@id":"https:\/\/artelmu.net\/#website"},"datePublished":"2023-09-28T09:06:46+00:00","dateModified":"2024-03-11T19:12:04+00:00","breadcrumb":{"@id":"https:\/\/artelmu.net\/catalogos\/#breadcrumb"},"inLanguage":"fr-FR","potentialAction":[{"@type":"ReadAction","target":["https:\/\/artelmu.net\/catalogos\/"]}]},{"@type":"BreadcrumbList","@id":"https:\/\/artelmu.net\/catalogos\/#breadcrumb","itemListElement":[{"@type":"ListItem","position":1,"name":"Portada","item":"https:\/\/artelmu.net\/fr\/"},{"@type":"ListItem","position":2,"name":"Cat\u00e1logos"}]},{"@type":"WebSite","@id":"https:\/\/artelmu.net\/#website","url":"https:\/\/artelmu.net\/","name":"Artelmu SL","description":"Especialistas en mobiliario de dise\u00f1o","publisher":{"@id":"https:\/\/artelmu.net\/#organization"},"potentialAction":[{"@type":"SearchAction","target":{"@type":"EntryPoint","urlTemplate":"https:\/\/artelmu.net\/?s={search_term_string}"},"query-input":"required name=search_term_string"}],"inLanguage":"fr-FR"},{"@type":"Organization","@id":"https:\/\/artelmu.net\/#organization","name":"Artelmu SL","url":"https:\/\/artelmu.net\/","logo":{"@type":"ImageObject","inLanguage":"fr-FR","@id":"https:\/\/artelmu.net\/#\/schema\/logo\/image\/","url":"https:\/\/artelmu.net\/wp-content\/uploads\/2023\/10\/logo_Artelmu.png","contentUrl":"https:\/\/artelmu.net\/wp-content\/uploads\/2023\/10\/logo_Artelmu.png","width":653,"height":592,"caption":"Artelmu SL"},"image":{"@id":"https:\/\/artelmu.net\/#\/schema\/logo\/image\/"}}]}},"_links":{"self":[{"href":"https:\/\/artelmu.net\/fr\/wp-json\/wp\/v2\/pages\/1228","targetHints":{"allow":["GET"]}}],"collection":[{"href":"https:\/\/artelmu.net\/fr\/wp-json\/wp\/v2\/pages"}],"about":[{"href":"https:\/\/artelmu.net\/fr\/wp-json\/wp\/v2\/types\/page"}],"author":[{"embeddable":true,"href":"https:\/\/artelmu.net\/fr\/wp-json\/wp\/v2\/users\/1"}],"replies":[{"embeddable":true,"href":"https:\/\/artelmu.net\/fr\/wp-json\/wp\/v2\/comments?post=1228"}],"version-history":[{"count":5,"href":"https:\/\/artelmu.net\/fr\/wp-json\/wp\/v2\/pages\/1228\/revisions"}],"predecessor-version":[{"id":4159,"href":"https:\/\/artelmu.net\/fr\/wp-json\/wp\/v2\/pages\/1228\/revisions\/4159"}],"wp:attachment":[{"href":"https:\/\/artelmu.net\/fr\/wp-json\/wp\/v2\/media?parent=1228"}],"curies":[{"name":"wp","href":"https:\/\/api.w.org\/{rel}","templated":true}]}}