{"id":1223,"date":"2023-09-28T09:07:31","date_gmt":"2023-09-28T09:07:31","guid":{"rendered":"https:\/\/naftictest.es\/artelmu\/sobre-artelmu\/"},"modified":"2023-12-21T12:03:23","modified_gmt":"2023-12-21T12:03:23","slug":"sobre-artelmu","status":"publish","type":"page","link":"https:\/\/artelmu.net\/pt-pt\/sobre-artelmu\/","title":{"rendered":"Sobre Artelmu"},"content":{"rendered":"<div id=\"pl-1223\"  class=\"panel-layout\" ><div id=\"pg-1223-0\"  class=\"panel-grid panel-no-style\" ><div id=\"pgc-1223-0-0\"  class=\"panel-grid-cell\" ><div id=\"panel-1223-0-0-0\" class=\"so-panel widget widget_sow-image panel-first-child panel-last-child\" data-index=\"0\" ><div\n\t\t\t\n\t\t\tclass=\"so-widget-sow-image so-widget-sow-image-default-8b5b6f678277-1223\"\n\t\t\t\n\t\t>\n\n<div class=\"sow-image-container\">\n\t\t<img decoding=\"async\" src=\"https:\/\/artelmu.net\/wp-content\/uploads\/2023\/10\/quienes-somos.jpg\" width=\"1200\" height=\"836\" srcset=\"https:\/\/artelmu.net\/wp-content\/uploads\/2023\/10\/quienes-somos.jpg 1200w, https:\/\/artelmu.net\/wp-content\/uploads\/2023\/10\/quienes-somos-300x209.jpg 300w, https:\/\/artelmu.net\/wp-content\/uploads\/2023\/10\/quienes-somos-1024x713.jpg 1024w, https:\/\/artelmu.net\/wp-content\/uploads\/2023\/10\/quienes-somos-768x535.jpg 768w\" sizes=\"auto, (max-width: 1200px) 100vw, 1200px\" alt=\"\" loading=\"lazy\" \t\tclass=\"so-widget-image\"\/>\n\t<\/div>\n\n<\/div><\/div><\/div><\/div><div id=\"pg-1223-1\"  class=\"panel-grid panel-no-style\" ><div id=\"pgc-1223-1-0\"  class=\"panel-grid-cell\" ><div id=\"panel-1223-1-0-0\" class=\"widget_text so-panel widget widget_custom_html panel-first-child panel-last-child\" data-index=\"1\" ><div class=\"textwidget custom-html-widget\"><p class=\"grande\">Na Artelmu projetamos e fabricamos m\u00f3veis h\u00e1 mais de 25 anos, inspirados na forma como vivemos hoje. <span style=\"color:#999;\">M\u00f3veis de design e resistentes para o nosso dia a dia <span style=\"border-bottom:3px solid #1198d7;\">em acabamentos em madeira e\/ou lacado.<\/span><\/span><span class=\"boxYellow\" style=\"margin-left:10px;height:40px;margin-bottom: -15px;\"><\/span><\/p><\/div><\/div><\/div><\/div><div id=\"pg-1223-2\"  class=\"panel-grid panel-no-style\" ><div id=\"pgc-1223-2-0\"  class=\"panel-grid-cell\" ><div id=\"panel-1223-2-0-0\" class=\"widget_text so-panel widget widget_custom_html panel-first-child panel-last-child\" data-index=\"2\" ><div class=\"textwidget custom-html-widget\"><h2 class=\"titlePage inline\" style=\"font-weight:normal;\">MATERIAIS E COMPONENTES DE ALTA QUALIDADE<\/h2><p class=\"grande\" style=\"display:inline-block;color:#777;\">. Para obter os melhores resultados utilizamos:<\/p>\n<p class=\"grande\" style=\"color:#777;\"><strong>Madeira natural<\/strong>\u00a0de primeira qualidade,\u00a0<strong>t\u00e1buas<\/strong>\u00a0para estruturas de alta densidade, <strong>vernizes e lacas<\/strong>\u00a0com grande poder de cobertura que garantem a durabilidade dos nossos m\u00f3veis e\u00a0<strong>ferragens<\/strong> com elevada precis\u00e3o, durabilidade e fiabilidade.<\/p><\/div><\/div><\/div><\/div><div id=\"pg-1223-3\"  class=\"panel-grid panel-no-style\" ><div id=\"pgc-1223-3-0\"  class=\"panel-grid-cell\" ><div id=\"panel-1223-3-0-0\" class=\"widget_text so-panel widget widget_custom_html panel-first-child panel-last-child\" data-index=\"3\" ><div class=\"widget_text rowMarcas flash_inherit_color panel-widget-style panel-widget-style-for-1223-3-0-0\" ><div class=\"textwidget custom-html-widget\"><span style=\"font-size:24px;display:block;\">ESTRUTURAS<\/span>\n<img decoding=\"async\" src=\"https:\/\/artelmu.net\/wp-content\/uploads\/2023\/10\/Finsa.jpg\">\n<img decoding=\"async\" src=\"https:\/\/artelmu.net\/wp-content\/uploads\/2023\/10\/krono.jpg\">\n<span style=\"font-size:24px;margin-top:20px;display:block;\">HARDWARE<\/span>\n<img decoding=\"async\" src=\"https:\/\/artelmu.net\/wp-content\/uploads\/2023\/10\/emuca.jpg\">\n<img decoding=\"async\" src=\"https:\/\/artelmu.net\/wp-content\/uploads\/2023\/10\/indaux.jpg\">\n<span style=\"font-size:24px;display:block;margin:30px 0 20px;\">ENVERNIZADO<\/span>\n<img decoding=\"async\" src=\"https:\/\/artelmu.net\/wp-content\/uploads\/2023\/10\/ilva.jpg\">\n<img decoding=\"async\" src=\"https:\/\/artelmu.net\/wp-content\/uploads\/2023\/10\/milesi.jpg\"><\/div><\/div><\/div><\/div><\/div><div id=\"pg-1223-4\"  class=\"panel-grid panel-no-style\" ><div id=\"pgc-1223-4-0\"  class=\"panel-grid-cell\" ><div id=\"panel-1223-4-0-0\" class=\"widget_text so-panel widget widget_custom_html panel-first-child panel-last-child\" data-index=\"4\" ><div class=\"textwidget custom-html-widget\"><h2 class=\"titlePage cuadro\">RESPONSABILIDADE SOCIAL<\/h2><\/div><\/div><\/div><\/div><div id=\"pg-1223-5\"  class=\"panel-grid panel-no-style\" ><div id=\"pgc-1223-5-0\"  class=\"panel-grid-cell\" ><div id=\"panel-1223-5-0-0\" class=\"so-panel widget widget_sow-image panel-first-child panel-last-child\" data-index=\"5\" ><div\n\t\t\t\n\t\t\tclass=\"so-widget-sow-image so-widget-sow-image-default-dbf295114b96-1223\"\n\t\t\t\n\t\t>\n\n<div class=\"sow-image-container\">\n\t\t<img decoding=\"async\" src=\"https:\/\/artelmu.net\/wp-content\/uploads\/2023\/10\/responsabilidad.jpg\" width=\"471\" height=\"304\" srcset=\"https:\/\/artelmu.net\/wp-content\/uploads\/2023\/10\/responsabilidad.jpg 471w, https:\/\/artelmu.net\/wp-content\/uploads\/2023\/10\/responsabilidad-300x194.jpg 300w\" sizes=\"auto, (max-width: 471px) 100vw, 471px\" alt=\"\" loading=\"lazy\" \t\tclass=\"so-widget-image\"\/>\n\t<\/div>\n\n<\/div><\/div><\/div><div id=\"pgc-1223-5-1\"  class=\"panel-grid-cell\" ><div id=\"panel-1223-5-1-0\" class=\"widget_text so-panel widget widget_custom_html panel-first-child panel-last-child\" data-index=\"6\" ><div class=\"textwidget custom-html-widget\"><p class=\"grande\"><span>Nossa empresa possui usinas fotovoltaicas,<\/span> <span style=\"color:#999;\">evitando assim a emiss\u00e3o de mais de cem toneladas de CO2 na atmosfera por ano.<\/span><\/p><\/div><\/div><\/div><\/div><div id=\"pg-1223-6\"  class=\"panel-grid panel-no-style\" ><div id=\"pgc-1223-6-0\"  class=\"panel-grid-cell\" ><div id=\"panel-1223-6-0-0\" class=\"widget_text so-panel widget widget_custom_html panel-first-child panel-last-child\" data-index=\"7\" ><div class=\"textwidget custom-html-widget\"><h2 class=\"titlePage cuadro\" style=\"margin-bottom:20px;\">LOJAS ONDE POSSO COMPRAR ESTES PRODUTOS?<\/h2>\n<p class=\"grande\" style=\"color:#999;\">Se estiver interessado em algum dos nossos m\u00f3veis, basta contactar-nos atrav\u00e9s do formul\u00e1rio indicando a sua localiza\u00e7\u00e3o para que possamos indicar a loja mais pr\u00f3xima o mais rapidamente poss\u00edvel.<\/p>\n<p class=\"grande\" style=\"color:#999;\">Informamos aqui:\u00a0<a href=\"https:\/\/artelmu.net\/donde-comprar\/\" style=\"color:#1198d7;\">Onde comprar<\/a><\/p>\n<h2 class=\"titlePage cuadro inverso\" style=\"margin:40px 0 20px;position: relative;\">POSSO ESCOLHER ACABAMENTOS E MEDIDAS?<\/h2>\n<p class=\"grande\" style=\"color:#999;\">Temos uma ampla gama de acabamentos e medidas de m\u00f3veis para se adequar ao seu gosto e espa\u00e7o. Medidas especiais tamb\u00e9m est\u00e3o dispon\u00edveis.<\/p><\/div><\/div><\/div><\/div><\/div>","protected":false},"excerpt":{"rendered":"<p>Na Artelmu projetamos e fabricamos m\u00f3veis h\u00e1 mais de 25 anos, inspirados na forma como vivemos hoje. M\u00f3veis de design e resistentes para o nosso dia a dia em acabamentos em madeira e\/ou lacado.MATERIAIS E COMPONENTES DE ALTA QUALIDADE. Para obter os melhores resultados utilizamos: Madeira natural\u00a0de primeira qualidade,\u00a0t\u00e1buas\u00a0para estruturas de alta densidade, vernizes e lacas\u00a0com grande poder de cobertura que garantem a durabilidade dos nossos m\u00f3veis e\u00a0ferragens com elevada&#8230;<\/p>\n","protected":false},"author":1,"featured_media":0,"parent":0,"menu_order":0,"comment_status":"closed","ping_status":"closed","template":"page-templates\/full-width.php","meta":{"footnotes":""},"class_list":["post-1223","page","type-page","status-publish","hentry"],"yoast_head":"<!-- This site is optimized with the Yoast SEO plugin v21.8.1 - https:\/\/yoast.com\/wordpress\/plugins\/seo\/ -->\n<title>Sobre Artelmu - Artelmu SL<\/title>\n<meta name=\"robots\" content=\"index, follow, max-snippet:-1, max-image-preview:large, max-video-preview:-1\" \/>\n<link rel=\"canonical\" href=\"https:\/\/artelmu.net\/sobre-artelmu\/\" \/>\n<meta property=\"og:locale\" content=\"pt_PT\" \/>\n<meta property=\"og:type\" content=\"article\" \/>\n<meta property=\"og:title\" content=\"Sobre Artelmu - Artelmu SL\" \/>\n<meta property=\"og:description\" content=\"Na Artelmu projetamos e fabricamos m\u00f3veis h\u00e1 mais de 25 anos, inspirados na forma como vivemos hoje. M\u00f3veis de design e resistentes para o nosso dia a dia em acabamentos em madeira e\/ou lacado.MATERIAIS E COMPONENTES DE ALTA QUALIDADE. Para obter os melhores resultados utilizamos: Madeira natural\u00a0de primeira qualidade,\u00a0t\u00e1buas\u00a0para estruturas de alta densidade, vernizes e lacas\u00a0com grande poder de cobertura que garantem a durabilidade dos nossos m\u00f3veis e\u00a0ferragens com elevada...\" \/>\n<meta property=\"og:url\" content=\"https:\/\/artelmu.net\/sobre-artelmu\/\" \/>\n<meta property=\"og:site_name\" content=\"Artelmu SL\" \/>\n<meta property=\"article:modified_time\" content=\"2023-12-21T12:03:23+00:00\" \/>\n<meta name=\"twitter:card\" content=\"summary_large_image\" \/>\n<script type=\"application\/ld+json\" class=\"yoast-schema-graph\">{\"@context\":\"https:\/\/schema.org\",\"@graph\":[{\"@type\":\"WebPage\",\"@id\":\"https:\/\/artelmu.net\/sobre-artelmu\/\",\"url\":\"https:\/\/artelmu.net\/sobre-artelmu\/\",\"name\":\"Sobre Artelmu - Artelmu SL\",\"isPartOf\":{\"@id\":\"https:\/\/artelmu.net\/#website\"},\"datePublished\":\"2023-09-28T09:07:31+00:00\",\"dateModified\":\"2023-12-21T12:03:23+00:00\",\"breadcrumb\":{\"@id\":\"https:\/\/artelmu.net\/sobre-artelmu\/#breadcrumb\"},\"inLanguage\":\"pt-PT\",\"potentialAction\":[{\"@type\":\"ReadAction\",\"target\":[\"https:\/\/artelmu.net\/sobre-artelmu\/\"]}]},{\"@type\":\"BreadcrumbList\",\"@id\":\"https:\/\/artelmu.net\/sobre-artelmu\/#breadcrumb\",\"itemListElement\":[{\"@type\":\"ListItem\",\"position\":1,\"name\":\"Portada\",\"item\":\"https:\/\/artelmu.net\/\"},{\"@type\":\"ListItem\",\"position\":2,\"name\":\"Sobre Artelmu\"}]},{\"@type\":\"WebSite\",\"@id\":\"https:\/\/artelmu.net\/#website\",\"url\":\"https:\/\/artelmu.net\/\",\"name\":\"Artelmu SL\",\"description\":\"Especialistas en mobiliario de dise\u00f1o\",\"publisher\":{\"@id\":\"https:\/\/artelmu.net\/#organization\"},\"potentialAction\":[{\"@type\":\"SearchAction\",\"target\":{\"@type\":\"EntryPoint\",\"urlTemplate\":\"https:\/\/artelmu.net\/?s={search_term_string}\"},\"query-input\":\"required name=search_term_string\"}],\"inLanguage\":\"pt-PT\"},{\"@type\":\"Organization\",\"@id\":\"https:\/\/artelmu.net\/#organization\",\"name\":\"Artelmu SL\",\"url\":\"https:\/\/artelmu.net\/\",\"logo\":{\"@type\":\"ImageObject\",\"inLanguage\":\"pt-PT\",\"@id\":\"https:\/\/artelmu.net\/#\/schema\/logo\/image\/\",\"url\":\"https:\/\/artelmu.net\/wp-content\/uploads\/2023\/10\/logo_Artelmu.png\",\"contentUrl\":\"https:\/\/artelmu.net\/wp-content\/uploads\/2023\/10\/logo_Artelmu.png\",\"width\":653,\"height\":592,\"caption\":\"Artelmu SL\"},\"image\":{\"@id\":\"https:\/\/artelmu.net\/#\/schema\/logo\/image\/\"}}]}<\/script>\n<!-- \/ Yoast SEO plugin. -->","yoast_head_json":{"title":"Sobre Artelmu - Artelmu SL","robots":{"index":"index","follow":"follow","max-snippet":"max-snippet:-1","max-image-preview":"max-image-preview:large","max-video-preview":"max-video-preview:-1"},"canonical":"https:\/\/artelmu.net\/sobre-artelmu\/","og_locale":"pt_PT","og_type":"article","og_title":"Sobre Artelmu - Artelmu SL","og_description":"Na Artelmu projetamos e fabricamos m\u00f3veis h\u00e1 mais de 25 anos, inspirados na forma como vivemos hoje. M\u00f3veis de design e resistentes para o nosso dia a dia em acabamentos em madeira e\/ou lacado.MATERIAIS E COMPONENTES DE ALTA QUALIDADE. Para obter os melhores resultados utilizamos: Madeira natural\u00a0de primeira qualidade,\u00a0t\u00e1buas\u00a0para estruturas de alta densidade, vernizes e lacas\u00a0com grande poder de cobertura que garantem a durabilidade dos nossos m\u00f3veis e\u00a0ferragens com elevada...","og_url":"https:\/\/artelmu.net\/sobre-artelmu\/","og_site_name":"Artelmu SL","article_modified_time":"2023-12-21T12:03:23+00:00","twitter_card":"summary_large_image","schema":{"@context":"https:\/\/schema.org","@graph":[{"@type":"WebPage","@id":"https:\/\/artelmu.net\/sobre-artelmu\/","url":"https:\/\/artelmu.net\/sobre-artelmu\/","name":"Sobre Artelmu - Artelmu SL","isPartOf":{"@id":"https:\/\/artelmu.net\/#website"},"datePublished":"2023-09-28T09:07:31+00:00","dateModified":"2023-12-21T12:03:23+00:00","breadcrumb":{"@id":"https:\/\/artelmu.net\/sobre-artelmu\/#breadcrumb"},"inLanguage":"pt-PT","potentialAction":[{"@type":"ReadAction","target":["https:\/\/artelmu.net\/sobre-artelmu\/"]}]},{"@type":"BreadcrumbList","@id":"https:\/\/artelmu.net\/sobre-artelmu\/#breadcrumb","itemListElement":[{"@type":"ListItem","position":1,"name":"Portada","item":"https:\/\/artelmu.net\/"},{"@type":"ListItem","position":2,"name":"Sobre Artelmu"}]},{"@type":"WebSite","@id":"https:\/\/artelmu.net\/#website","url":"https:\/\/artelmu.net\/","name":"Artelmu SL","description":"Especialistas en mobiliario de dise\u00f1o","publisher":{"@id":"https:\/\/artelmu.net\/#organization"},"potentialAction":[{"@type":"SearchAction","target":{"@type":"EntryPoint","urlTemplate":"https:\/\/artelmu.net\/?s={search_term_string}"},"query-input":"required name=search_term_string"}],"inLanguage":"pt-PT"},{"@type":"Organization","@id":"https:\/\/artelmu.net\/#organization","name":"Artelmu SL","url":"https:\/\/artelmu.net\/","logo":{"@type":"ImageObject","inLanguage":"pt-PT","@id":"https:\/\/artelmu.net\/#\/schema\/logo\/image\/","url":"https:\/\/artelmu.net\/wp-content\/uploads\/2023\/10\/logo_Artelmu.png","contentUrl":"https:\/\/artelmu.net\/wp-content\/uploads\/2023\/10\/logo_Artelmu.png","width":653,"height":592,"caption":"Artelmu SL"},"image":{"@id":"https:\/\/artelmu.net\/#\/schema\/logo\/image\/"}}]}},"_links":{"self":[{"href":"https:\/\/artelmu.net\/pt-pt\/wp-json\/wp\/v2\/pages\/1223","targetHints":{"allow":["GET"]}}],"collection":[{"href":"https:\/\/artelmu.net\/pt-pt\/wp-json\/wp\/v2\/pages"}],"about":[{"href":"https:\/\/artelmu.net\/pt-pt\/wp-json\/wp\/v2\/types\/page"}],"author":[{"embeddable":true,"href":"https:\/\/artelmu.net\/pt-pt\/wp-json\/wp\/v2\/users\/1"}],"replies":[{"embeddable":true,"href":"https:\/\/artelmu.net\/pt-pt\/wp-json\/wp\/v2\/comments?post=1223"}],"version-history":[{"count":3,"href":"https:\/\/artelmu.net\/pt-pt\/wp-json\/wp\/v2\/pages\/1223\/revisions"}],"predecessor-version":[{"id":3073,"href":"https:\/\/artelmu.net\/pt-pt\/wp-json\/wp\/v2\/pages\/1223\/revisions\/3073"}],"wp:attachment":[{"href":"https:\/\/artelmu.net\/pt-pt\/wp-json\/wp\/v2\/media?parent=1223"}],"curies":[{"name":"wp","href":"https:\/\/api.w.org\/{rel}","templated":true}]}}