{"id":1232,"date":"2023-09-28T09:07:13","date_gmt":"2023-09-28T09:07:13","guid":{"rendered":"https:\/\/naftictest.es\/artelmu\/donde-comprar\/"},"modified":"2025-05-26T07:41:20","modified_gmt":"2025-05-26T07:41:20","slug":"donde-comprar","status":"publish","type":"page","link":"https:\/\/artelmu.net\/pt-pt\/donde-comprar\/","title":{"rendered":"D\u00f3nde comprar"},"content":{"rendered":"<div id=\"pl-1232\"  class=\"panel-layout\" ><div id=\"pg-1232-0\"  class=\"panel-grid panel-no-style\" ><div id=\"pgc-1232-0-0\"  class=\"panel-grid-cell\" ><div id=\"panel-1232-0-0-0\" class=\"widget_text so-panel widget widget_custom_html panel-first-child panel-last-child\" data-index=\"0\" ><div class=\"textwidget custom-html-widget\"><h2 class=\"titlePage cuadro\">Onde comprar<\/h2><\/div><\/div><\/div><\/div><div id=\"pg-1232-1\"  class=\"panel-grid panel-no-style\" ><div id=\"pgc-1232-1-0\"  class=\"panel-grid-cell\" ><div id=\"panel-1232-1-0-0\" class=\"widget_text so-panel widget widget_custom_html panel-first-child panel-last-child\" data-index=\"1\" ><div class=\"widget_text tienda-cercana panel-widget-style panel-widget-style-for-1232-1-0-0\" ><div class=\"textwidget custom-html-widget\"><img decoding=\"async\" src=\"https:\/\/artelmu.net\/wp-content\/uploads\/2023\/10\/address.jpg\">\n<h2>Quer visitar a loja mais pr\u00f3xima?<\/h2><\/div><\/div><\/div><\/div><\/div><div id=\"pg-1232-2\"  class=\"panel-grid panel-no-style\" ><div id=\"pgc-1232-2-0\"  class=\"panel-grid-cell\" ><div id=\"panel-1232-2-0-0\" class=\"widget_text so-panel widget widget_custom_html panel-first-child panel-last-child\" data-index=\"2\" ><div class=\"widget_text tienda-form panel-widget-style panel-widget-style-for-1232-2-0-0\" ><div class=\"textwidget custom-html-widget\">\n<div class=\"wpcf7 no-js\" id=\"wpcf7-f4465-o1\" lang=\"es-ES\" dir=\"ltr\" data-wpcf7-id=\"4465\">\n<div class=\"screen-reader-response\"><p role=\"status\" aria-live=\"polite\" aria-atomic=\"true\"><\/p> <ul><\/ul><\/div>\n<form action=\"\/pt-pt\/wp-json\/wp\/v2\/pages\/1232#wpcf7-f4465-o1\" method=\"post\" class=\"wpcf7-form init\" aria-label=\"Formulario de contacto\" novalidate=\"novalidate\" data-status=\"init\">\n<div style=\"display: none;\">\n<input type=\"hidden\" name=\"_wpcf7\" value=\"4465\" \/>\n<input type=\"hidden\" name=\"_wpcf7_version\" value=\"6.0.6\" \/>\n<input type=\"hidden\" name=\"_wpcf7_locale\" value=\"es_ES\" \/>\n<input type=\"hidden\" name=\"_wpcf7_unit_tag\" value=\"wpcf7-f4465-o1\" \/>\n<input type=\"hidden\" name=\"_wpcf7_container_post\" value=\"0\" \/>\n<input type=\"hidden\" name=\"_wpcf7_posted_data_hash\" value=\"\" \/>\n<input type=\"hidden\" name=\"_wpcf7_recaptcha_response\" value=\"\" \/>\n<\/div>\n<p><span class=\"wpcf7-form-control-wrap\" data-name=\"nombre\"><input size=\"40\" maxlength=\"400\" class=\"wpcf7-form-control wpcf7-text wpcf7-validates-as-required\" aria-required=\"true\" aria-invalid=\"false\" placeholder=\"Nome *\" value=\"\" type=\"text\" name=\"nombre\" \/><\/span><br \/>\n<span class=\"wpcf7-form-control-wrap\" data-name=\"email\"><input size=\"40\" maxlength=\"400\" class=\"wpcf7-form-control wpcf7-email wpcf7-validates-as-required wpcf7-text wpcf7-validates-as-email\" aria-required=\"true\" aria-invalid=\"false\" placeholder=\"E-mail *\" value=\"\" type=\"email\" name=\"email\" \/><\/span><br \/>\n<span class=\"wpcf7-form-control-wrap\" data-name=\"telefono\"><input size=\"40\" maxlength=\"400\" class=\"wpcf7-form-control wpcf7-tel wpcf7-validates-as-required wpcf7-text wpcf7-validates-as-tel\" aria-required=\"true\" aria-invalid=\"false\" placeholder=\"Telefone *\" value=\"\" type=\"tel\" name=\"telefono\" \/><\/span><br \/>\n<span class=\"wpcf7-form-control-wrap\" data-name=\"cpostal\"><input size=\"40\" maxlength=\"400\" class=\"wpcf7-form-control wpcf7-text wpcf7-validates-as-required\" aria-required=\"true\" aria-invalid=\"false\" placeholder=\"CEP *\" value=\"\" type=\"text\" name=\"cpostal\" \/><\/span><br \/>\n<span class=\"wpcf7-form-control-wrap\" data-name=\"mensaje\"><textarea cols=\"40\" rows=\"10\" maxlength=\"2000\" class=\"wpcf7-form-control wpcf7-textarea\" aria-invalid=\"false\" placeholder=\"Mensagem\" name=\"mensaje\"><\/textarea><\/span><br \/>\n<span class=\"wpcf7-form-control-wrap\" data-name=\"acceptance-437\"><span class=\"wpcf7-form-control wpcf7-acceptance\"><span class=\"wpcf7-list-item\"><label><input type=\"checkbox\" name=\"acceptance-437\" value=\"1\" aria-invalid=\"false\" \/><span class=\"wpcf7-list-item-label\"><a href=\"https:\/\/artelmu.net\/politica-de-privacidad\" target=\"_blank\">Eu aceito e aceito o tratamento dos meus donn\u00e9es pessoais aux fins indicados.<\/a><\/span><\/label><\/span><\/span><\/span>\n<\/p>\n<p><input class=\"wpcf7-form-control wpcf7-submit has-spinner\" type=\"submit\" value=\"Enviar\" \/>\n<\/p><div class=\"wpcf7-response-output\" aria-hidden=\"true\"><\/div>\n<\/form>\n<\/div>\n\n<strong class=\"txtForm\">Obrigado por sua confian\u00e7a.<\/strong><\/div><\/div><\/div><\/div><\/div><\/div>","protected":false},"excerpt":{"rendered":"<p>Onde comprar Quer visitar a loja mais pr\u00f3xima? Eu aceito e aceito o tratamento dos meus donn\u00e9es pessoais aux fins indicados. Obrigado por sua confian\u00e7a.<\/p>\n","protected":false},"author":1,"featured_media":0,"parent":0,"menu_order":0,"comment_status":"closed","ping_status":"closed","template":"page-templates\/full-width.php","meta":{"footnotes":""},"class_list":["post-1232","page","type-page","status-publish","hentry"],"yoast_head":"<!-- This site is optimized with the Yoast SEO plugin v21.8.1 - https:\/\/yoast.com\/wordpress\/plugins\/seo\/ -->\n<title>D\u00f3nde comprar - Artelmu SL<\/title>\n<meta name=\"robots\" content=\"index, follow, max-snippet:-1, max-image-preview:large, max-video-preview:-1\" \/>\n<link rel=\"canonical\" href=\"https:\/\/artelmu.net\/pt-pt\/donde-comprar\/\" \/>\n<meta property=\"og:locale\" content=\"pt_PT\" \/>\n<meta property=\"og:type\" content=\"article\" \/>\n<meta property=\"og:title\" content=\"D\u00f3nde comprar - Artelmu SL\" \/>\n<meta property=\"og:description\" content=\"Onde comprar Quer visitar a loja mais pr\u00f3xima? Eu aceito e aceito o tratamento dos meus donn\u00e9es pessoais aux fins indicados. Obrigado por sua confian\u00e7a.\" \/>\n<meta property=\"og:url\" content=\"https:\/\/artelmu.net\/pt-pt\/donde-comprar\/\" \/>\n<meta property=\"og:site_name\" content=\"Artelmu SL\" \/>\n<meta property=\"article:modified_time\" content=\"2025-05-26T07:41:20+00:00\" \/>\n<meta name=\"twitter:card\" content=\"summary_large_image\" \/>\n<meta name=\"twitter:label1\" content=\"Tempo estimado de leitura\" \/>\n\t<meta name=\"twitter:data1\" content=\"1 minuto\" \/>\n<script type=\"application\/ld+json\" class=\"yoast-schema-graph\">{\"@context\":\"https:\/\/schema.org\",\"@graph\":[{\"@type\":\"WebPage\",\"@id\":\"https:\/\/artelmu.net\/pt-pt\/donde-comprar\/\",\"url\":\"https:\/\/artelmu.net\/pt-pt\/donde-comprar\/\",\"name\":\"D\u00f3nde comprar - Artelmu SL\",\"isPartOf\":{\"@id\":\"https:\/\/artelmu.net\/#website\"},\"datePublished\":\"2023-09-28T09:07:13+00:00\",\"dateModified\":\"2025-05-26T07:41:20+00:00\",\"breadcrumb\":{\"@id\":\"https:\/\/artelmu.net\/pt-pt\/donde-comprar\/#breadcrumb\"},\"inLanguage\":\"pt-PT\",\"potentialAction\":[{\"@type\":\"ReadAction\",\"target\":[\"https:\/\/artelmu.net\/pt-pt\/donde-comprar\/\"]}]},{\"@type\":\"BreadcrumbList\",\"@id\":\"https:\/\/artelmu.net\/pt-pt\/donde-comprar\/#breadcrumb\",\"itemListElement\":[{\"@type\":\"ListItem\",\"position\":1,\"name\":\"Portada\",\"item\":\"https:\/\/artelmu.net\/\"},{\"@type\":\"ListItem\",\"position\":2,\"name\":\"D\u00f3nde comprar\"}]},{\"@type\":\"WebSite\",\"@id\":\"https:\/\/artelmu.net\/#website\",\"url\":\"https:\/\/artelmu.net\/\",\"name\":\"Artelmu SL\",\"description\":\"Especialistas en mobiliario de dise\u00f1o\",\"publisher\":{\"@id\":\"https:\/\/artelmu.net\/#organization\"},\"potentialAction\":[{\"@type\":\"SearchAction\",\"target\":{\"@type\":\"EntryPoint\",\"urlTemplate\":\"https:\/\/artelmu.net\/?s={search_term_string}\"},\"query-input\":\"required name=search_term_string\"}],\"inLanguage\":\"pt-PT\"},{\"@type\":\"Organization\",\"@id\":\"https:\/\/artelmu.net\/#organization\",\"name\":\"Artelmu SL\",\"url\":\"https:\/\/artelmu.net\/\",\"logo\":{\"@type\":\"ImageObject\",\"inLanguage\":\"pt-PT\",\"@id\":\"https:\/\/artelmu.net\/#\/schema\/logo\/image\/\",\"url\":\"https:\/\/artelmu.net\/wp-content\/uploads\/2023\/10\/logo_Artelmu.png\",\"contentUrl\":\"https:\/\/artelmu.net\/wp-content\/uploads\/2023\/10\/logo_Artelmu.png\",\"width\":653,\"height\":592,\"caption\":\"Artelmu SL\"},\"image\":{\"@id\":\"https:\/\/artelmu.net\/#\/schema\/logo\/image\/\"}}]}<\/script>\n<!-- \/ Yoast SEO plugin. -->","yoast_head_json":{"title":"D\u00f3nde comprar - Artelmu SL","robots":{"index":"index","follow":"follow","max-snippet":"max-snippet:-1","max-image-preview":"max-image-preview:large","max-video-preview":"max-video-preview:-1"},"canonical":"https:\/\/artelmu.net\/pt-pt\/donde-comprar\/","og_locale":"pt_PT","og_type":"article","og_title":"D\u00f3nde comprar - Artelmu SL","og_description":"Onde comprar Quer visitar a loja mais pr\u00f3xima? Eu aceito e aceito o tratamento dos meus donn\u00e9es pessoais aux fins indicados. Obrigado por sua confian\u00e7a.","og_url":"https:\/\/artelmu.net\/pt-pt\/donde-comprar\/","og_site_name":"Artelmu SL","article_modified_time":"2025-05-26T07:41:20+00:00","twitter_card":"summary_large_image","twitter_misc":{"Tempo estimado de leitura":"1 minuto"},"schema":{"@context":"https:\/\/schema.org","@graph":[{"@type":"WebPage","@id":"https:\/\/artelmu.net\/pt-pt\/donde-comprar\/","url":"https:\/\/artelmu.net\/pt-pt\/donde-comprar\/","name":"D\u00f3nde comprar - Artelmu SL","isPartOf":{"@id":"https:\/\/artelmu.net\/#website"},"datePublished":"2023-09-28T09:07:13+00:00","dateModified":"2025-05-26T07:41:20+00:00","breadcrumb":{"@id":"https:\/\/artelmu.net\/pt-pt\/donde-comprar\/#breadcrumb"},"inLanguage":"pt-PT","potentialAction":[{"@type":"ReadAction","target":["https:\/\/artelmu.net\/pt-pt\/donde-comprar\/"]}]},{"@type":"BreadcrumbList","@id":"https:\/\/artelmu.net\/pt-pt\/donde-comprar\/#breadcrumb","itemListElement":[{"@type":"ListItem","position":1,"name":"Portada","item":"https:\/\/artelmu.net\/"},{"@type":"ListItem","position":2,"name":"D\u00f3nde comprar"}]},{"@type":"WebSite","@id":"https:\/\/artelmu.net\/#website","url":"https:\/\/artelmu.net\/","name":"Artelmu SL","description":"Especialistas en mobiliario de dise\u00f1o","publisher":{"@id":"https:\/\/artelmu.net\/#organization"},"potentialAction":[{"@type":"SearchAction","target":{"@type":"EntryPoint","urlTemplate":"https:\/\/artelmu.net\/?s={search_term_string}"},"query-input":"required name=search_term_string"}],"inLanguage":"pt-PT"},{"@type":"Organization","@id":"https:\/\/artelmu.net\/#organization","name":"Artelmu SL","url":"https:\/\/artelmu.net\/","logo":{"@type":"ImageObject","inLanguage":"pt-PT","@id":"https:\/\/artelmu.net\/#\/schema\/logo\/image\/","url":"https:\/\/artelmu.net\/wp-content\/uploads\/2023\/10\/logo_Artelmu.png","contentUrl":"https:\/\/artelmu.net\/wp-content\/uploads\/2023\/10\/logo_Artelmu.png","width":653,"height":592,"caption":"Artelmu SL"},"image":{"@id":"https:\/\/artelmu.net\/#\/schema\/logo\/image\/"}}]}},"_links":{"self":[{"href":"https:\/\/artelmu.net\/pt-pt\/wp-json\/wp\/v2\/pages\/1232","targetHints":{"allow":["GET"]}}],"collection":[{"href":"https:\/\/artelmu.net\/pt-pt\/wp-json\/wp\/v2\/pages"}],"about":[{"href":"https:\/\/artelmu.net\/pt-pt\/wp-json\/wp\/v2\/types\/page"}],"author":[{"embeddable":true,"href":"https:\/\/artelmu.net\/pt-pt\/wp-json\/wp\/v2\/users\/1"}],"replies":[{"embeddable":true,"href":"https:\/\/artelmu.net\/pt-pt\/wp-json\/wp\/v2\/comments?post=1232"}],"version-history":[{"count":3,"href":"https:\/\/artelmu.net\/pt-pt\/wp-json\/wp\/v2\/pages\/1232\/revisions"}],"predecessor-version":[{"id":4466,"href":"https:\/\/artelmu.net\/pt-pt\/wp-json\/wp\/v2\/pages\/1232\/revisions\/4466"}],"wp:attachment":[{"href":"https:\/\/artelmu.net\/pt-pt\/wp-json\/wp\/v2\/media?parent=1232"}],"curies":[{"name":"wp","href":"https:\/\/api.w.org\/{rel}","templated":true}]}}