{"id":1236,"date":"2023-09-28T09:06:36","date_gmt":"2023-09-28T09:06:36","guid":{"rendered":"https:\/\/naftictest.es\/artelmu\/productos\/"},"modified":"2023-12-21T13:01:20","modified_gmt":"2023-12-21T13:01:20","slug":"productos","status":"publish","type":"page","link":"https:\/\/artelmu.net\/pt-pt\/productos\/","title":{"rendered":"Productos"},"content":{"rendered":"<div id=\"pl-1236\"  class=\"panel-layout\" ><div id=\"pg-1236-0\"  class=\"panel-grid panel-has-style\" ><div class=\"siteorigin-panels-stretch panel-row-style panel-row-style-for-1236-0\" data-stretch-type=\"full\" ><div id=\"pgc-1236-0-0\"  class=\"panel-grid-cell\" ><div id=\"panel-1236-0-0-0\" class=\"widget_text so-panel widget widget_custom_html panel-first-child panel-last-child\" data-index=\"0\" ><div class=\"widget_text panel-widget-style panel-widget-style-for-1236-0-0-0\" ><div class=\"textwidget custom-html-widget\"><h1 class=\"titlePage\">NUESTROS PRODUCTOS<span class=\"boxYellow\" style=\"margin-left:10px;height:40px;margin-bottom: -10px;\"><\/span><\/h1><\/div><\/div><\/div><\/div><\/div><\/div><div id=\"pg-1236-1\"  class=\"panel-grid panel-has-style\" ><div class=\"productos siteorigin-panels-stretch panel-row-style panel-row-style-for-1236-1\" data-stretch-type=\"full\" ><div id=\"pgc-1236-1-0\"  class=\"panel-grid-cell\" ><div id=\"panel-1236-1-0-0\" class=\"so-panel widget widget_sow-image panel-first-child\" data-index=\"1\" ><div\n\t\t\t\n\t\t\tclass=\"so-widget-sow-image so-widget-sow-image-default-e8513d21b1d5-1236\"\n\t\t\t\n\t\t>\n\n<div class=\"sow-image-container\">\n\t\t\t<a href=\"https:\/\/artelmu.net\/productos\/cunas\"\n\t\t\t\t\t>\n\t\t\t<img decoding=\"async\" src=\"https:\/\/artelmu.net\/wp-content\/uploads\/2023\/10\/prod-cunas.jpg\" width=\"965\" height=\"839\" srcset=\"https:\/\/artelmu.net\/wp-content\/uploads\/2023\/10\/prod-cunas.jpg 965w, https:\/\/artelmu.net\/wp-content\/uploads\/2023\/10\/prod-cunas-300x261.jpg 300w, https:\/\/artelmu.net\/wp-content\/uploads\/2023\/10\/prod-cunas-768x668.jpg 768w\" sizes=\"auto, (max-width: 965px) 100vw, 965px\" title=\"BER\u00c7OS\" alt=\"\" loading=\"lazy\" \t\tclass=\"so-widget-image\"\/>\n\t<\/a><\/div>\n\n<h3 class=\"widget-title\">\t\t<a href=\"https:\/\/artelmu.net\/productos\/cunas\"\n\t\t\t\t\t>\n\t\tBER\u00c7OS<\/a><\/h3><\/div><\/div><div id=\"panel-1236-1-0-1\" class=\"so-panel widget widget_sow-image\" data-index=\"2\" ><div\n\t\t\t\n\t\t\tclass=\"so-widget-sow-image so-widget-sow-image-default-b062fe5d1106-1236\"\n\t\t\t\n\t\t>\n\n<div class=\"sow-image-container\">\n\t\t\t<a href=\"https:\/\/artelmu.net\/productos\/mesas-estudio\/\"\n\t\t\t\t\t>\n\t\t\t<img decoding=\"async\" src=\"https:\/\/artelmu.net\/wp-content\/uploads\/2023\/10\/Mesas-Estudio.jpg\" width=\"965\" height=\"839\" srcset=\"https:\/\/artelmu.net\/wp-content\/uploads\/2023\/10\/Mesas-Estudio.jpg 965w, https:\/\/artelmu.net\/wp-content\/uploads\/2023\/10\/Mesas-Estudio-300x261.jpg 300w, https:\/\/artelmu.net\/wp-content\/uploads\/2023\/10\/Mesas-Estudio-768x668.jpg 768w\" sizes=\"auto, (max-width: 965px) 100vw, 965px\" title=\"TABELAS DE ESTUDO\" alt=\"\" loading=\"lazy\" \t\tclass=\"so-widget-image\"\/>\n\t<\/a><\/div>\n\n<h3 class=\"widget-title\">\t\t<a href=\"https:\/\/artelmu.net\/productos\/mesas-estudio\/\"\n\t\t\t\t\t>\n\t\tTABELAS DE ESTUDO<\/a><\/h3><\/div><\/div><div id=\"panel-1236-1-0-2\" class=\"so-panel widget widget_sow-image panel-last-child\" data-index=\"3\" ><div\n\t\t\t\n\t\t\tclass=\"so-widget-sow-image so-widget-sow-image-default-b062fe5d1106-1236\"\n\t\t\t\n\t\t>\n\n<div class=\"sow-image-container\">\n\t\t\t<a href=\"https:\/\/artelmu.net\/productos\/camas-abatibles\/\"\n\t\t\t\t\t>\n\t\t\t<img decoding=\"async\" src=\"https:\/\/artelmu.net\/wp-content\/uploads\/2023\/10\/prod-abatibles.jpg\" width=\"965\" height=\"839\" srcset=\"https:\/\/artelmu.net\/wp-content\/uploads\/2023\/10\/prod-abatibles.jpg 965w, https:\/\/artelmu.net\/wp-content\/uploads\/2023\/10\/prod-abatibles-300x261.jpg 300w, https:\/\/artelmu.net\/wp-content\/uploads\/2023\/10\/prod-abatibles-768x668.jpg 768w\" sizes=\"auto, (max-width: 965px) 100vw, 965px\" title=\"CAMAS DOBR\u00c1VEIS\" alt=\"\" loading=\"lazy\" \t\tclass=\"so-widget-image\"\/>\n\t<\/a><\/div>\n\n<h3 class=\"widget-title\">\t\t<a href=\"https:\/\/artelmu.net\/productos\/camas-abatibles\/\"\n\t\t\t\t\t>\n\t\tCAMAS DOBR\u00c1VEIS<\/a><\/h3><\/div><\/div><\/div><div id=\"pgc-1236-1-1\"  class=\"panel-grid-cell\" ><div id=\"panel-1236-1-1-0\" class=\"so-panel widget widget_sow-image panel-first-child\" data-index=\"4\" ><div\n\t\t\t\n\t\t\tclass=\"so-widget-sow-image so-widget-sow-image-default-b062fe5d1106-1236\"\n\t\t\t\n\t\t>\n\n<div class=\"sow-image-container\">\n\t\t\t<a href=\"https:\/\/artelmu.net\/productos\/camas\/\"\n\t\t\t\t\t>\n\t\t\t<img decoding=\"async\" src=\"https:\/\/artelmu.net\/wp-content\/uploads\/2023\/10\/prod-camas.jpg\" width=\"965\" height=\"839\" srcset=\"https:\/\/artelmu.net\/wp-content\/uploads\/2023\/10\/prod-camas.jpg 965w, https:\/\/artelmu.net\/wp-content\/uploads\/2023\/10\/prod-camas-300x261.jpg 300w, https:\/\/artelmu.net\/wp-content\/uploads\/2023\/10\/prod-camas-768x668.jpg 768w\" sizes=\"auto, (max-width: 965px) 100vw, 965px\" title=\"CAMAS\" alt=\"\" loading=\"lazy\" \t\tclass=\"so-widget-image\"\/>\n\t<\/a><\/div>\n\n<h3 class=\"widget-title\">\t\t<a href=\"https:\/\/artelmu.net\/productos\/camas\/\"\n\t\t\t\t\t>\n\t\tCAMAS<\/a><\/h3><\/div><\/div><div id=\"panel-1236-1-1-1\" class=\"so-panel widget widget_sow-image\" data-index=\"5\" ><div\n\t\t\t\n\t\t\tclass=\"so-widget-sow-image so-widget-sow-image-default-b062fe5d1106-1236\"\n\t\t\t\n\t\t>\n\n<div class=\"sow-image-container\">\n\t\t\t<a href=\"https:\/\/artelmu.net\/productos\/mesas-gaming\/\"\n\t\t\t\t\t>\n\t\t\t<img decoding=\"async\" src=\"https:\/\/artelmu.net\/wp-content\/uploads\/2023\/10\/Mesas-Gaming-1.jpg\" width=\"965\" height=\"839\" srcset=\"https:\/\/artelmu.net\/wp-content\/uploads\/2023\/10\/Mesas-Gaming-1.jpg 965w, https:\/\/artelmu.net\/wp-content\/uploads\/2023\/10\/Mesas-Gaming-1-300x261.jpg 300w, https:\/\/artelmu.net\/wp-content\/uploads\/2023\/10\/Mesas-Gaming-1-768x668.jpg 768w\" sizes=\"auto, (max-width: 965px) 100vw, 965px\" title=\"MESAS DE JOGO\" alt=\"\" loading=\"lazy\" \t\tclass=\"so-widget-image\"\/>\n\t<\/a><\/div>\n\n<h3 class=\"widget-title\">\t\t<a href=\"https:\/\/artelmu.net\/productos\/mesas-gaming\/\"\n\t\t\t\t\t>\n\t\tMESAS DE JOGO<\/a><\/h3><\/div><\/div><div id=\"panel-1236-1-1-2\" class=\"so-panel widget widget_sow-image panel-last-child\" data-index=\"6\" ><div\n\t\t\t\n\t\t\tclass=\"so-widget-sow-image so-widget-sow-image-default-cc5a17e7439d-1236\"\n\t\t\t\n\t\t>\n\n<div class=\"sow-image-container\">\n\t\t\t<a href=\"https:\/\/artelmu.net\/productos\/armarios\/\"\n\t\t\t\t\t>\n\t\t\t<img decoding=\"async\" src=\"https:\/\/artelmu.net\/wp-content\/uploads\/2023\/10\/prod-armario.jpg\" width=\"965\" height=\"839\" srcset=\"https:\/\/artelmu.net\/wp-content\/uploads\/2023\/10\/prod-armario.jpg 965w, https:\/\/artelmu.net\/wp-content\/uploads\/2023\/10\/prod-armario-300x261.jpg 300w, https:\/\/artelmu.net\/wp-content\/uploads\/2023\/10\/prod-armario-768x668.jpg 768w\" sizes=\"auto, (max-width: 965px) 100vw, 965px\" title=\"ARM\u00c1RIOS\" alt=\"\" loading=\"lazy\" \t\tclass=\"so-widget-image\"\/>\n\t<\/a><\/div>\n\n<h3 class=\"widget-title\">ARM\u00c1RIOS<\/h3><\/div><\/div><\/div><div id=\"pgc-1236-1-2\"  class=\"panel-grid-cell\" ><div id=\"panel-1236-1-2-0\" class=\"so-panel widget widget_sow-image panel-first-child\" data-index=\"7\" ><div\n\t\t\t\n\t\t\tclass=\"so-widget-sow-image so-widget-sow-image-default-b062fe5d1106-1236\"\n\t\t\t\n\t\t>\n\n<div class=\"sow-image-container\">\n\t\t\t<a href=\"https:\/\/artelmu.net\/productos\/nidos\/\"\n\t\t\t\t\t>\n\t\t\t<img decoding=\"async\" src=\"https:\/\/artelmu.net\/wp-content\/uploads\/2023\/10\/prod-nidos.jpg\" width=\"965\" height=\"839\" srcset=\"https:\/\/artelmu.net\/wp-content\/uploads\/2023\/10\/prod-nidos.jpg 965w, https:\/\/artelmu.net\/wp-content\/uploads\/2023\/10\/prod-nidos-300x261.jpg 300w, https:\/\/artelmu.net\/wp-content\/uploads\/2023\/10\/prod-nidos-768x668.jpg 768w\" sizes=\"auto, (max-width: 965px) 100vw, 965px\" title=\"NINHOS\" alt=\"\" loading=\"lazy\" \t\tclass=\"so-widget-image\"\/>\n\t<\/a><\/div>\n\n<h3 class=\"widget-title\">\t\t<a href=\"https:\/\/artelmu.net\/productos\/nidos\/\"\n\t\t\t\t\t>\n\t\tNINHOS<\/a><\/h3><\/div><\/div><div id=\"panel-1236-1-2-1\" class=\"so-panel widget widget_sow-image\" data-index=\"8\" ><div\n\t\t\t\n\t\t\tclass=\"so-widget-sow-image so-widget-sow-image-default-b062fe5d1106-1236\"\n\t\t\t\n\t\t>\n\n<div class=\"sow-image-container\">\n\t\t\t<a href=\"https:\/\/artelmu.net\/productos\/camas-adulto\/\"\n\t\t\t\t\t>\n\t\t\t<img decoding=\"async\" src=\"https:\/\/artelmu.net\/wp-content\/uploads\/2023\/10\/prod-camas-adult.jpg\" width=\"965\" height=\"839\" srcset=\"https:\/\/artelmu.net\/wp-content\/uploads\/2023\/10\/prod-camas-adult.jpg 965w, https:\/\/artelmu.net\/wp-content\/uploads\/2023\/10\/prod-camas-adult-300x261.jpg 300w, https:\/\/artelmu.net\/wp-content\/uploads\/2023\/10\/prod-camas-adult-768x668.jpg 768w\" sizes=\"auto, (max-width: 965px) 100vw, 965px\" title=\"CAMAS ADULTO\" alt=\"\" loading=\"lazy\" \t\tclass=\"so-widget-image\"\/>\n\t<\/a><\/div>\n\n<h3 class=\"widget-title\">\t\t<a href=\"https:\/\/artelmu.net\/productos\/camas-adulto\/\"\n\t\t\t\t\t>\n\t\tCAMAS ADULTO<\/a><\/h3><\/div><\/div><div id=\"panel-1236-1-2-2\" class=\"so-panel widget widget_sow-image panel-last-child\" data-index=\"9\" ><div\n\t\t\t\n\t\t\tclass=\"so-widget-sow-image so-widget-sow-image-default-b062fe5d1106-1236\"\n\t\t\t\n\t\t>\n\n<div class=\"sow-image-container\">\n\t\t\t<a href=\"https:\/\/artelmu.net\/productos\/muebles-tv\/\"\n\t\t\t\t\t>\n\t\t\t<img decoding=\"async\" src=\"https:\/\/artelmu.net\/wp-content\/uploads\/2023\/10\/Muebles_TV.jpg\" width=\"965\" height=\"839\" srcset=\"https:\/\/artelmu.net\/wp-content\/uploads\/2023\/10\/Muebles_TV.jpg 965w, https:\/\/artelmu.net\/wp-content\/uploads\/2023\/10\/Muebles_TV-300x261.jpg 300w, https:\/\/artelmu.net\/wp-content\/uploads\/2023\/10\/Muebles_TV-768x668.jpg 768w\" sizes=\"auto, (max-width: 965px) 100vw, 965px\" title=\"M\u00d3VEIS DE TV\" alt=\"\" loading=\"lazy\" \t\tclass=\"so-widget-image\"\/>\n\t<\/a><\/div>\n\n<h3 class=\"widget-title\">\t\t<a href=\"https:\/\/artelmu.net\/productos\/muebles-tv\/\"\n\t\t\t\t\t>\n\t\tM\u00d3VEIS DE TV<\/a><\/h3><\/div><\/div><\/div><div id=\"pgc-1236-1-3\"  class=\"panel-grid-cell\" ><div id=\"panel-1236-1-3-0\" class=\"so-panel widget widget_sow-image panel-first-child\" data-index=\"10\" ><div\n\t\t\t\n\t\t\tclass=\"so-widget-sow-image so-widget-sow-image-default-b062fe5d1106-1236\"\n\t\t\t\n\t\t>\n\n<div class=\"sow-image-container\">\n\t\t\t<a href=\"https:\/\/artelmu.net\/productos\/compactos\/\"\n\t\t\t\t\t>\n\t\t\t<img decoding=\"async\" src=\"https:\/\/artelmu.net\/wp-content\/uploads\/2023\/10\/prod-compactos.jpg\" width=\"965\" height=\"839\" srcset=\"https:\/\/artelmu.net\/wp-content\/uploads\/2023\/10\/prod-compactos.jpg 965w, https:\/\/artelmu.net\/wp-content\/uploads\/2023\/10\/prod-compactos-300x261.jpg 300w, https:\/\/artelmu.net\/wp-content\/uploads\/2023\/10\/prod-compactos-768x668.jpg 768w\" sizes=\"auto, (max-width: 965px) 100vw, 965px\" title=\"COMPACTOS\" alt=\"\" loading=\"lazy\" \t\tclass=\"so-widget-image\"\/>\n\t<\/a><\/div>\n\n<h3 class=\"widget-title\">\t\t<a href=\"https:\/\/artelmu.net\/productos\/compactos\/\"\n\t\t\t\t\t>\n\t\tCOMPACTOS<\/a><\/h3><\/div><\/div><div id=\"panel-1236-1-3-1\" class=\"so-panel widget widget_sow-image panel-last-child\" data-index=\"11\" ><div\n\t\t\t\n\t\t\tclass=\"so-widget-sow-image so-widget-sow-image-default-b062fe5d1106-1236\"\n\t\t\t\n\t\t>\n\n<div class=\"sow-image-container\">\n\t\t\t<a href=\"https:\/\/artelmu.net\/productos\/literas\/\"\n\t\t\t\t\t>\n\t\t\t<img decoding=\"async\" src=\"https:\/\/artelmu.net\/wp-content\/uploads\/2023\/10\/prod-literas.jpg\" width=\"965\" height=\"839\" srcset=\"https:\/\/artelmu.net\/wp-content\/uploads\/2023\/10\/prod-literas.jpg 965w, https:\/\/artelmu.net\/wp-content\/uploads\/2023\/10\/prod-literas-300x261.jpg 300w, https:\/\/artelmu.net\/wp-content\/uploads\/2023\/10\/prod-literas-768x668.jpg 768w\" sizes=\"auto, (max-width: 965px) 100vw, 965px\" title=\"BELICHES\" alt=\"\" loading=\"lazy\" \t\tclass=\"so-widget-image\"\/>\n\t<\/a><\/div>\n\n<h3 class=\"widget-title\">\t\t<a href=\"https:\/\/artelmu.net\/productos\/literas\/\"\n\t\t\t\t\t>\n\t\tBELICHES<\/a><\/h3><\/div><\/div><\/div><\/div><\/div><\/div>","protected":false},"excerpt":{"rendered":"<p>NUESTROS PRODUCTOS BER\u00c7OS TABELAS DE ESTUDO CAMAS DOBR\u00c1VEIS CAMAS MESAS DE JOGO ARM\u00c1RIOS NINHOS CAMAS ADULTO M\u00d3VEIS DE TV COMPACTOS BELICHES<\/p>\n","protected":false},"author":1,"featured_media":0,"parent":0,"menu_order":0,"comment_status":"closed","ping_status":"closed","template":"page-templates\/full-width.php","meta":{"footnotes":""},"class_list":["post-1236","page","type-page","status-publish","hentry"],"yoast_head":"<!-- This site is optimized with the Yoast SEO plugin v21.8.1 - https:\/\/yoast.com\/wordpress\/plugins\/seo\/ -->\n<title>Productos - Artelmu SL<\/title>\n<meta name=\"robots\" content=\"index, follow, max-snippet:-1, max-image-preview:large, max-video-preview:-1\" \/>\n<link rel=\"canonical\" href=\"https:\/\/artelmu.net\/productos\/\" \/>\n<meta property=\"og:locale\" content=\"pt_PT\" \/>\n<meta property=\"og:type\" content=\"article\" \/>\n<meta property=\"og:title\" content=\"Productos - Artelmu SL\" \/>\n<meta property=\"og:description\" content=\"NUESTROS PRODUCTOS BER\u00c7OS TABELAS DE ESTUDO CAMAS DOBR\u00c1VEIS CAMAS MESAS DE JOGO ARM\u00c1RIOS NINHOS CAMAS ADULTO M\u00d3VEIS DE TV COMPACTOS BELICHES\" \/>\n<meta property=\"og:url\" content=\"https:\/\/artelmu.net\/productos\/\" \/>\n<meta property=\"og:site_name\" content=\"Artelmu SL\" \/>\n<meta property=\"article:modified_time\" content=\"2023-12-21T13:01:20+00:00\" \/>\n<meta name=\"twitter:card\" content=\"summary_large_image\" \/>\n<meta name=\"twitter:label1\" content=\"Tempo estimado de leitura\" \/>\n\t<meta name=\"twitter:data1\" content=\"1 minuto\" \/>\n<script type=\"application\/ld+json\" class=\"yoast-schema-graph\">{\"@context\":\"https:\/\/schema.org\",\"@graph\":[{\"@type\":\"WebPage\",\"@id\":\"https:\/\/artelmu.net\/productos\/\",\"url\":\"https:\/\/artelmu.net\/productos\/\",\"name\":\"Productos - Artelmu SL\",\"isPartOf\":{\"@id\":\"https:\/\/artelmu.net\/#website\"},\"datePublished\":\"2023-09-28T09:06:36+00:00\",\"dateModified\":\"2023-12-21T13:01:20+00:00\",\"breadcrumb\":{\"@id\":\"https:\/\/artelmu.net\/productos\/#breadcrumb\"},\"inLanguage\":\"pt-PT\",\"potentialAction\":[{\"@type\":\"ReadAction\",\"target\":[\"https:\/\/artelmu.net\/productos\/\"]}]},{\"@type\":\"BreadcrumbList\",\"@id\":\"https:\/\/artelmu.net\/productos\/#breadcrumb\",\"itemListElement\":[{\"@type\":\"ListItem\",\"position\":1,\"name\":\"Portada\",\"item\":\"https:\/\/artelmu.net\/\"},{\"@type\":\"ListItem\",\"position\":2,\"name\":\"Productos\"}]},{\"@type\":\"WebSite\",\"@id\":\"https:\/\/artelmu.net\/#website\",\"url\":\"https:\/\/artelmu.net\/\",\"name\":\"Artelmu SL\",\"description\":\"Especialistas en mobiliario de dise\u00f1o\",\"publisher\":{\"@id\":\"https:\/\/artelmu.net\/#organization\"},\"potentialAction\":[{\"@type\":\"SearchAction\",\"target\":{\"@type\":\"EntryPoint\",\"urlTemplate\":\"https:\/\/artelmu.net\/?s={search_term_string}\"},\"query-input\":\"required name=search_term_string\"}],\"inLanguage\":\"pt-PT\"},{\"@type\":\"Organization\",\"@id\":\"https:\/\/artelmu.net\/#organization\",\"name\":\"Artelmu SL\",\"url\":\"https:\/\/artelmu.net\/\",\"logo\":{\"@type\":\"ImageObject\",\"inLanguage\":\"pt-PT\",\"@id\":\"https:\/\/artelmu.net\/#\/schema\/logo\/image\/\",\"url\":\"https:\/\/artelmu.net\/wp-content\/uploads\/2023\/10\/logo_Artelmu.png\",\"contentUrl\":\"https:\/\/artelmu.net\/wp-content\/uploads\/2023\/10\/logo_Artelmu.png\",\"width\":653,\"height\":592,\"caption\":\"Artelmu SL\"},\"image\":{\"@id\":\"https:\/\/artelmu.net\/#\/schema\/logo\/image\/\"}}]}<\/script>\n<!-- \/ Yoast SEO plugin. -->","yoast_head_json":{"title":"Productos - Artelmu SL","robots":{"index":"index","follow":"follow","max-snippet":"max-snippet:-1","max-image-preview":"max-image-preview:large","max-video-preview":"max-video-preview:-1"},"canonical":"https:\/\/artelmu.net\/productos\/","og_locale":"pt_PT","og_type":"article","og_title":"Productos - Artelmu SL","og_description":"NUESTROS PRODUCTOS BER\u00c7OS TABELAS DE ESTUDO CAMAS DOBR\u00c1VEIS CAMAS MESAS DE JOGO ARM\u00c1RIOS NINHOS CAMAS ADULTO M\u00d3VEIS DE TV COMPACTOS BELICHES","og_url":"https:\/\/artelmu.net\/productos\/","og_site_name":"Artelmu SL","article_modified_time":"2023-12-21T13:01:20+00:00","twitter_card":"summary_large_image","twitter_misc":{"Tempo estimado de leitura":"1 minuto"},"schema":{"@context":"https:\/\/schema.org","@graph":[{"@type":"WebPage","@id":"https:\/\/artelmu.net\/productos\/","url":"https:\/\/artelmu.net\/productos\/","name":"Productos - Artelmu SL","isPartOf":{"@id":"https:\/\/artelmu.net\/#website"},"datePublished":"2023-09-28T09:06:36+00:00","dateModified":"2023-12-21T13:01:20+00:00","breadcrumb":{"@id":"https:\/\/artelmu.net\/productos\/#breadcrumb"},"inLanguage":"pt-PT","potentialAction":[{"@type":"ReadAction","target":["https:\/\/artelmu.net\/productos\/"]}]},{"@type":"BreadcrumbList","@id":"https:\/\/artelmu.net\/productos\/#breadcrumb","itemListElement":[{"@type":"ListItem","position":1,"name":"Portada","item":"https:\/\/artelmu.net\/"},{"@type":"ListItem","position":2,"name":"Productos"}]},{"@type":"WebSite","@id":"https:\/\/artelmu.net\/#website","url":"https:\/\/artelmu.net\/","name":"Artelmu SL","description":"Especialistas en mobiliario de dise\u00f1o","publisher":{"@id":"https:\/\/artelmu.net\/#organization"},"potentialAction":[{"@type":"SearchAction","target":{"@type":"EntryPoint","urlTemplate":"https:\/\/artelmu.net\/?s={search_term_string}"},"query-input":"required name=search_term_string"}],"inLanguage":"pt-PT"},{"@type":"Organization","@id":"https:\/\/artelmu.net\/#organization","name":"Artelmu SL","url":"https:\/\/artelmu.net\/","logo":{"@type":"ImageObject","inLanguage":"pt-PT","@id":"https:\/\/artelmu.net\/#\/schema\/logo\/image\/","url":"https:\/\/artelmu.net\/wp-content\/uploads\/2023\/10\/logo_Artelmu.png","contentUrl":"https:\/\/artelmu.net\/wp-content\/uploads\/2023\/10\/logo_Artelmu.png","width":653,"height":592,"caption":"Artelmu SL"},"image":{"@id":"https:\/\/artelmu.net\/#\/schema\/logo\/image\/"}}]}},"_links":{"self":[{"href":"https:\/\/artelmu.net\/pt-pt\/wp-json\/wp\/v2\/pages\/1236","targetHints":{"allow":["GET"]}}],"collection":[{"href":"https:\/\/artelmu.net\/pt-pt\/wp-json\/wp\/v2\/pages"}],"about":[{"href":"https:\/\/artelmu.net\/pt-pt\/wp-json\/wp\/v2\/types\/page"}],"author":[{"embeddable":true,"href":"https:\/\/artelmu.net\/pt-pt\/wp-json\/wp\/v2\/users\/1"}],"replies":[{"embeddable":true,"href":"https:\/\/artelmu.net\/pt-pt\/wp-json\/wp\/v2\/comments?post=1236"}],"version-history":[{"count":2,"href":"https:\/\/artelmu.net\/pt-pt\/wp-json\/wp\/v2\/pages\/1236\/revisions"}],"predecessor-version":[{"id":3108,"href":"https:\/\/artelmu.net\/pt-pt\/wp-json\/wp\/v2\/pages\/1236\/revisions\/3108"}],"wp:attachment":[{"href":"https:\/\/artelmu.net\/pt-pt\/wp-json\/wp\/v2\/media?parent=1236"}],"curies":[{"name":"wp","href":"https:\/\/api.w.org\/{rel}","templated":true}]}}